{"id":50,"date":"2019-12-09T17:43:05","date_gmt":"2019-12-09T17:43:05","guid":{"rendered":"https:\/\/sensownie.com\/index.php\/home-2\/"},"modified":"2025-04-28T12:34:57","modified_gmt":"2025-04-28T12:34:57","slug":"psychoterapia-online-jacek-zaluski","status":"publish","type":"page","link":"https:\/\/sensownie.com\/en\/","title":{"rendered":"Psychoterapia online \u2013 psycholog Jacek Za\u0142uski"},"content":{"rendered":"<div id=\"cs-content\" class=\"cs-content\"><div class=\"x-section e50-e1 m1e-0\"><div class=\"x-row x-container max width e50-e2 m1e-1 m1e-2\"><div class=\"x-row-inner\"><div class=\"x-col e50-e3 m1e-3\"><div class=\"x-text x-content e50-e4 m1e-5\"><div style=\"text-align: center;\">I am a psychologist and psychotherapist with over 20 years of experience. I offer <strong data-start=\"176\" data-end=\"220\">online psychotherapy for adults and couples<\/strong>, based on recognised approaches: Gestalt, CBT, ACT, and DBT. I provide personalized care and ensure confidentiality. Explore my services, check out the <span style=\"color: #000080;\"><strong><a style=\"color: #000080;\" href=\"https:\/\/sensownie.com\/en\/faq\/\">Frequently Asked Questions<\/a> <\/strong><\/span>and start your journey toward a more mindful, fulfilling life.<\/div><\/div><\/div><div class=\"x-col e50-e5 m1e-3 m1e-4\"><a class=\"x-anchor x-anchor-button has-graphic e50-e6 m1e-6\" tabindex=\"0\" href=\"https:\/\/oko.setmore.com\/\"><div class=\"x-anchor-content\"><span class=\"x-graphic\" aria-hidden=\"true\"><i class=\"x-icon x-graphic-child x-graphic-icon x-graphic-primary\" aria-hidden=\"true\" data-x-icon-s=\"&#xf25a;\"><\/i><\/span><div class=\"x-anchor-text\"><span class=\"x-anchor-text-primary\">Schedule an online consultation<\/span><\/div><\/div><\/a><\/div><\/div><\/div><\/div><span data-x-element-responsive-text=\"{&quot;selector&quot;:&quot;.h-resp .x-text-content-text-primary&quot;,&quot;compression&quot;:&quot;0.95&quot;,&quot;minFontSize&quot;:&quot;32px&quot;,&quot;maxFontSize&quot;:&quot;54px&quot;}\" class=\"e50-e7\"><\/span><span data-x-element-responsive-text=\"{&quot;selector&quot;:&quot;.p-resp&quot;,&quot;compression&quot;:&quot;2.5&quot;,&quot;minFontSize&quot;:&quot;16px&quot;,&quot;maxFontSize&quot;:&quot;21px&quot;}\" class=\"e50-e8\"><\/span><span data-x-element-responsive-text=\"{&quot;selector&quot;:&quot;.x-counter &gt; span&quot;,&quot;compression&quot;:&quot;2.5&quot;,&quot;minFontSize&quot;:&quot;14px&quot;,&quot;maxFontSize&quot;:&quot;18px&quot;}\" class=\"e50-e9\"><\/span><span data-x-element-responsive-text=\"{&quot;selector&quot;:&quot;.x-counter &gt; .number-wrap&quot;,&quot;compression&quot;:&quot;0.85&quot;,&quot;minFontSize&quot;:&quot;32px&quot;,&quot;maxFontSize&quot;:&quot;72px&quot;}\" class=\"e50-e10\"><\/span><\/div>","protected":false},"excerpt":{"rendered":"<p>Jestem psychologiem i psychoterapeut\u0105 z ponad 20-letnim do\u015bwiadczeniem. Prowadz\u0119 psychoterapi\u0119 online dla doros\u0142ych i par, opart\u0105 na uznanych metodach: Gestalt, CBT, ACT i DBT. Zapewniam indywidualne podej\u015bcie i poufno\u015b\u0107. Poznaj moj\u0105 ofert\u0119, sprawd\u017a FAQ i rozpocznij drog\u0119 do bardziej \u015bwiadomego, spe\u0142nionego \u017cycia.Um&oacute;w si\u0119 na konsultacj\u0119 online<\/p>","protected":false},"author":1,"featured_media":0,"parent":0,"menu_order":0,"comment_status":"closed","ping_status":"closed","template":"template-blank-4.php","meta":{"rs_blank_template":"","rs_page_bg_color":"#ffffff","slide_template_v7":"","_monsterinsights_skip_tracking":false,"_monsterinsights_sitenote_active":false,"_monsterinsights_sitenote_note":"","_monsterinsights_sitenote_category":0,"footnotes":""},"class_list":["post-50","page","type-page","status-publish","hentry","no-post-thumbnail"],"yoast_head":"<!-- This site is optimized with the Yoast SEO plugin v27.4 - https:\/\/yoast.com\/product\/yoast-seo-wordpress\/ -->\n<title>Psychoterapia online \u2013 psycholog Jacek Za\u0142uski - O\u015brodek Kszta\u0142towania Osobowo\u015bci<\/title>\n<meta name=\"description\" content=\"Odkryj inspiracj\u0119 do \u015bwiadomego \u017cycia z Jackiem Za\u0142uskim. Profesjonalna psychoterapia online i wsparcie psychologiczne dla doros\u0142ych i par.\" \/>\n<meta name=\"robots\" content=\"index, follow, max-snippet:-1, max-image-preview:large, max-video-preview:-1\" \/>\n<link rel=\"canonical\" href=\"https:\/\/sensownie.com\/en\/\" \/>\n<meta property=\"og:locale\" content=\"en_GB\" \/>\n<meta property=\"og:type\" content=\"article\" \/>\n<meta property=\"og:title\" content=\"Psychoterapia online \u2013 psycholog Jacek Za\u0142uski - O\u015brodek Kszta\u0142towania Osobowo\u015bci\" \/>\n<meta property=\"og:description\" content=\"Odkryj inspiracj\u0119 do \u015bwiadomego \u017cycia z Jackiem Za\u0142uskim. Profesjonalna psychoterapia online i wsparcie psychologiczne dla doros\u0142ych i par.\" \/>\n<meta property=\"og:url\" content=\"https:\/\/sensownie.com\/en\/\" \/>\n<meta property=\"og:site_name\" content=\"O\u015brodek Kszta\u0142towania Osobowo\u015bci\" \/>\n<meta property=\"article:publisher\" content=\"https:\/\/www.facebook.com\/JacekZaluskiBlog\" \/>\n<meta property=\"article:modified_time\" content=\"2025-04-28T12:34:57+00:00\" \/>\n<meta name=\"twitter:card\" content=\"summary_large_image\" \/>\n<meta name=\"twitter:site\" content=\"@JacekUski\" \/>\n<meta name=\"twitter:label1\" content=\"Estimated reading time\" \/>\n\t<meta name=\"twitter:data1\" content=\"1 minute\" \/>\n<script type=\"application\/ld+json\" class=\"yoast-schema-graph\">{\"@context\":\"https:\\\/\\\/schema.org\",\"@graph\":[{\"@type\":\"WebPage\",\"@id\":\"https:\\\/\\\/sensownie.com\\\/\",\"url\":\"https:\\\/\\\/sensownie.com\\\/\",\"name\":\"Psychoterapia online \u2013 psycholog Jacek Za\u0142uski - O\u015brodek Kszta\u0142towania Osobowo\u015bci\",\"isPartOf\":{\"@id\":\"https:\\\/\\\/sensownie.com\\\/#website\"},\"datePublished\":\"2019-12-09T17:43:05+00:00\",\"dateModified\":\"2025-04-28T12:34:57+00:00\",\"description\":\"Odkryj inspiracj\u0119 do \u015bwiadomego \u017cycia z Jackiem Za\u0142uskim. Profesjonalna psychoterapia online i wsparcie psychologiczne dla doros\u0142ych i par.\",\"breadcrumb\":{\"@id\":\"https:\\\/\\\/sensownie.com\\\/#breadcrumb\"},\"inLanguage\":\"en-GB\",\"potentialAction\":[{\"@type\":\"ReadAction\",\"target\":[\"https:\\\/\\\/sensownie.com\\\/\"]}]},{\"@type\":\"BreadcrumbList\",\"@id\":\"https:\\\/\\\/sensownie.com\\\/#breadcrumb\",\"itemListElement\":[{\"@type\":\"ListItem\",\"position\":1,\"name\":\"Strona g\u0142\u00f3wna\",\"item\":\"https:\\\/\\\/sensownie.com\\\/\"},{\"@type\":\"ListItem\",\"position\":2,\"name\":\"Psychoterapia online \u2013 psycholog Jacek Za\u0142uski\"}]},{\"@type\":\"WebSite\",\"@id\":\"https:\\\/\\\/sensownie.com\\\/#website\",\"url\":\"https:\\\/\\\/sensownie.com\\\/\",\"name\":\"O\u015brodek Kszta\u0142towania Osobowo\u015bci\",\"description\":\"Psychoterapeuta Jacek Za\u0142uski psychoterapia psycholog borderline DBT ACT par ma\u0142\u017ce\u0144ska Warszawa\",\"publisher\":{\"@id\":\"https:\\\/\\\/sensownie.com\\\/#organization\"},\"potentialAction\":[{\"@type\":\"SearchAction\",\"target\":{\"@type\":\"EntryPoint\",\"urlTemplate\":\"https:\\\/\\\/sensownie.com\\\/?s={search_term_string}\"},\"query-input\":{\"@type\":\"PropertyValueSpecification\",\"valueRequired\":true,\"valueName\":\"search_term_string\"}}],\"inLanguage\":\"en-GB\"},{\"@type\":\"Organization\",\"@id\":\"https:\\\/\\\/sensownie.com\\\/#organization\",\"name\":\"O\u015brodek Kszta\u0142towania Osobowo\u015bci Jacek Za\u0142uski\",\"url\":\"https:\\\/\\\/sensownie.com\\\/\",\"logo\":{\"@type\":\"ImageObject\",\"inLanguage\":\"en-GB\",\"@id\":\"https:\\\/\\\/sensownie.com\\\/#\\\/schema\\\/logo\\\/image\\\/\",\"url\":\"https:\\\/\\\/sensownie.com\\\/wp-content\\\/uploads\\\/2020\\\/07\\\/logo_OKO.jpg\",\"contentUrl\":\"https:\\\/\\\/sensownie.com\\\/wp-content\\\/uploads\\\/2020\\\/07\\\/logo_OKO.jpg\",\"width\":256,\"height\":101,\"caption\":\"O\u015brodek Kszta\u0142towania Osobowo\u015bci Jacek Za\u0142uski\"},\"image\":{\"@id\":\"https:\\\/\\\/sensownie.com\\\/#\\\/schema\\\/logo\\\/image\\\/\"},\"sameAs\":[\"https:\\\/\\\/www.facebook.com\\\/JacekZaluskiBlog\",\"https:\\\/\\\/x.com\\\/JacekUski\",\"https:\\\/\\\/pl.linkedin.com\\\/in\\\/jacek-za\u0142uski\"]}]}<\/script>\n<!-- \/ Yoast SEO plugin. -->","yoast_head_json":{"title":"Psychoterapia online \u2013 psycholog Jacek Za\u0142uski - O\u015brodek Kszta\u0142towania Osobowo\u015bci","description":"Odkryj inspiracj\u0119 do \u015bwiadomego \u017cycia z Jackiem Za\u0142uskim. Profesjonalna psychoterapia online i wsparcie psychologiczne dla doros\u0142ych i par.","robots":{"index":"index","follow":"follow","max-snippet":"max-snippet:-1","max-image-preview":"max-image-preview:large","max-video-preview":"max-video-preview:-1"},"canonical":"https:\/\/sensownie.com\/en\/","og_locale":"en_GB","og_type":"article","og_title":"Psychoterapia online \u2013 psycholog Jacek Za\u0142uski - O\u015brodek Kszta\u0142towania Osobowo\u015bci","og_description":"Odkryj inspiracj\u0119 do \u015bwiadomego \u017cycia z Jackiem Za\u0142uskim. Profesjonalna psychoterapia online i wsparcie psychologiczne dla doros\u0142ych i par.","og_url":"https:\/\/sensownie.com\/en\/","og_site_name":"O\u015brodek Kszta\u0142towania Osobowo\u015bci","article_publisher":"https:\/\/www.facebook.com\/JacekZaluskiBlog","article_modified_time":"2025-04-28T12:34:57+00:00","twitter_card":"summary_large_image","twitter_site":"@JacekUski","twitter_misc":{"Estimated reading time":"1 minute"},"schema":{"@context":"https:\/\/schema.org","@graph":[{"@type":"WebPage","@id":"https:\/\/sensownie.com\/","url":"https:\/\/sensownie.com\/","name":"Psychoterapia online \u2013 psycholog Jacek Za\u0142uski - O\u015brodek Kszta\u0142towania Osobowo\u015bci","isPartOf":{"@id":"https:\/\/sensownie.com\/#website"},"datePublished":"2019-12-09T17:43:05+00:00","dateModified":"2025-04-28T12:34:57+00:00","description":"Odkryj inspiracj\u0119 do \u015bwiadomego \u017cycia z Jackiem Za\u0142uskim. Profesjonalna psychoterapia online i wsparcie psychologiczne dla doros\u0142ych i par.","breadcrumb":{"@id":"https:\/\/sensownie.com\/#breadcrumb"},"inLanguage":"en-GB","potentialAction":[{"@type":"ReadAction","target":["https:\/\/sensownie.com\/"]}]},{"@type":"BreadcrumbList","@id":"https:\/\/sensownie.com\/#breadcrumb","itemListElement":[{"@type":"ListItem","position":1,"name":"Strona g\u0142\u00f3wna","item":"https:\/\/sensownie.com\/"},{"@type":"ListItem","position":2,"name":"Psychoterapia online \u2013 psycholog Jacek Za\u0142uski"}]},{"@type":"WebSite","@id":"https:\/\/sensownie.com\/#website","url":"https:\/\/sensownie.com\/","name":"O\u015brodek Kszta\u0142towania Osobowo\u015bci","description":"Psychoterapeuta Jacek Za\u0142uski psychoterapia psycholog borderline DBT ACT par ma\u0142\u017ce\u0144ska Warszawa","publisher":{"@id":"https:\/\/sensownie.com\/#organization"},"potentialAction":[{"@type":"SearchAction","target":{"@type":"EntryPoint","urlTemplate":"https:\/\/sensownie.com\/?s={search_term_string}"},"query-input":{"@type":"PropertyValueSpecification","valueRequired":true,"valueName":"search_term_string"}}],"inLanguage":"en-GB"},{"@type":"Organization","@id":"https:\/\/sensownie.com\/#organization","name":"O\u015brodek Kszta\u0142towania Osobowo\u015bci Jacek Za\u0142uski","url":"https:\/\/sensownie.com\/","logo":{"@type":"ImageObject","inLanguage":"en-GB","@id":"https:\/\/sensownie.com\/#\/schema\/logo\/image\/","url":"https:\/\/sensownie.com\/wp-content\/uploads\/2020\/07\/logo_OKO.jpg","contentUrl":"https:\/\/sensownie.com\/wp-content\/uploads\/2020\/07\/logo_OKO.jpg","width":256,"height":101,"caption":"O\u015brodek Kszta\u0142towania Osobowo\u015bci Jacek Za\u0142uski"},"image":{"@id":"https:\/\/sensownie.com\/#\/schema\/logo\/image\/"},"sameAs":["https:\/\/www.facebook.com\/JacekZaluskiBlog","https:\/\/x.com\/JacekUski","https:\/\/pl.linkedin.com\/in\/jacek-za\u0142uski"]}]}},"_links":{"self":[{"href":"https:\/\/sensownie.com\/en\/wp-json\/wp\/v2\/pages\/50","targetHints":{"allow":["GET"]}}],"collection":[{"href":"https:\/\/sensownie.com\/en\/wp-json\/wp\/v2\/pages"}],"about":[{"href":"https:\/\/sensownie.com\/en\/wp-json\/wp\/v2\/types\/page"}],"author":[{"embeddable":true,"href":"https:\/\/sensownie.com\/en\/wp-json\/wp\/v2\/users\/1"}],"replies":[{"embeddable":true,"href":"https:\/\/sensownie.com\/en\/wp-json\/wp\/v2\/comments?post=50"}],"version-history":[{"count":4,"href":"https:\/\/sensownie.com\/en\/wp-json\/wp\/v2\/pages\/50\/revisions"}],"predecessor-version":[{"id":659,"href":"https:\/\/sensownie.com\/en\/wp-json\/wp\/v2\/pages\/50\/revisions\/659"}],"wp:attachment":[{"href":"https:\/\/sensownie.com\/en\/wp-json\/wp\/v2\/media?parent=50"}],"curies":[{"name":"wp","href":"https:\/\/api.w.org\/{rel}","templated":true}]}}