{"id":39,"date":"2020-07-25T15:16:56","date_gmt":"2020-07-25T15:16:56","guid":{"rendered":"https:\/\/sensownie.com\/?page_id=39"},"modified":"2025-04-15T10:54:39","modified_gmt":"2025-04-15T10:54:39","slug":"rozwoj-mezczyzn","status":"publish","type":"page","link":"https:\/\/sensownie.com\/en\/rozwoj-mezczyzn\/","title":{"rendered":"Men's development"},"content":{"rendered":"<div id=\"cs-content\" class=\"cs-content\"><\/div>","protected":false},"excerpt":{"rendered":"<p>Je\u015bli jeste\u015b m\u0119\u017cczyzn\u0105 poszukuj\u0105cym, czy to samego siebie, czy to odpowiedzi na pytanie, co to znaczy by\u0107 m\u0119\u017cczyzn\u0105, mo\u017cesz sobie w tym pom&oacute;c na r&oacute;\u017cne sposoby.Warsztaty dla m\u0119\u017cczyzn Fundacja Masculinum Wilcza wyprawa dla m\u0119\u017cczyzn (Wojciech Eichelberger) Jacek CzerwieniecKr\u0119gi m\u0119\u017cczyzn (grupy samopomocowe) Kr\u0119gi pod patronatem Masculinum\u200b M\u0119ski kr\u0105g w Warszawie M\u0119skie kr\u0119gi w ca\u0142ej PolscePowy\u017csza lista warsztat&oacute;w ma charakter informacyjny i &#8230; <\/p>\n<div><a href=\"https:\/\/sensownie.com\/en\/rozwoj-mezczyzn\/\" class=\"more-link\">Read More<\/a><\/div>","protected":false},"author":1,"featured_media":0,"parent":0,"menu_order":0,"comment_status":"closed","ping_status":"closed","template":"","meta":{"rs_blank_template":"","rs_page_bg_color":"#ffffff","slide_template_v7":"","_monsterinsights_skip_tracking":false,"_monsterinsights_sitenote_active":false,"_monsterinsights_sitenote_note":"","_monsterinsights_sitenote_category":0,"footnotes":""},"class_list":["post-39","page","type-page","status-publish","hentry","no-post-thumbnail"],"yoast_head":"<!-- This site is optimized with the Yoast SEO plugin v27.4 - https:\/\/yoast.com\/product\/yoast-seo-wordpress\/ -->\n<title>Rozw\u00f3j m\u0119\u017cczyzn - O\u015brodek Kszta\u0142towania Osobowo\u015bci<\/title>\n<meta name=\"description\" content=\"Odkryj mo\u017cliwo\u015bci rozwoju osobistego dla m\u0119\u017cczyzn \u2013 od warsztat\u00f3w po kr\u0119gi m\u0119skie. Profesjonalne wsparcie w poszukiwaniu siebie.\" \/>\n<meta name=\"robots\" content=\"index, follow, max-snippet:-1, max-image-preview:large, max-video-preview:-1\" \/>\n<link rel=\"canonical\" href=\"https:\/\/sensownie.com\/en\/rozwoj-mezczyzn\/\" \/>\n<meta property=\"og:locale\" content=\"en_GB\" \/>\n<meta property=\"og:type\" content=\"article\" \/>\n<meta property=\"og:title\" content=\"Rozw\u00f3j m\u0119\u017cczyzn - O\u015brodek Kszta\u0142towania Osobowo\u015bci\" \/>\n<meta property=\"og:description\" content=\"Odkryj mo\u017cliwo\u015bci rozwoju osobistego dla m\u0119\u017cczyzn \u2013 od warsztat\u00f3w po kr\u0119gi m\u0119skie. Profesjonalne wsparcie w poszukiwaniu siebie.\" \/>\n<meta property=\"og:url\" content=\"https:\/\/sensownie.com\/en\/rozwoj-mezczyzn\/\" \/>\n<meta property=\"og:site_name\" content=\"O\u015brodek Kszta\u0142towania Osobowo\u015bci\" \/>\n<meta property=\"article:publisher\" content=\"https:\/\/www.facebook.com\/JacekZaluskiBlog\" \/>\n<meta property=\"article:modified_time\" content=\"2025-04-15T10:54:39+00:00\" \/>\n<meta name=\"twitter:card\" content=\"summary_large_image\" \/>\n<meta name=\"twitter:site\" content=\"@JacekUski\" \/>\n<meta name=\"twitter:label1\" content=\"Estimated reading time\" \/>\n\t<meta name=\"twitter:data1\" content=\"17 minutes\" \/>\n<script type=\"application\/ld+json\" class=\"yoast-schema-graph\">{\"@context\":\"https:\\\/\\\/schema.org\",\"@graph\":[{\"@type\":\"WebPage\",\"@id\":\"https:\\\/\\\/sensownie.com\\\/rozwoj-mezczyzn\\\/\",\"url\":\"https:\\\/\\\/sensownie.com\\\/rozwoj-mezczyzn\\\/\",\"name\":\"Rozw\u00f3j m\u0119\u017cczyzn - O\u015brodek Kszta\u0142towania Osobowo\u015bci\",\"isPartOf\":{\"@id\":\"https:\\\/\\\/sensownie.com\\\/#website\"},\"datePublished\":\"2020-07-25T15:16:56+00:00\",\"dateModified\":\"2025-04-15T10:54:39+00:00\",\"description\":\"Odkryj mo\u017cliwo\u015bci rozwoju osobistego dla m\u0119\u017cczyzn \u2013 od warsztat\u00f3w po kr\u0119gi m\u0119skie. Profesjonalne wsparcie w poszukiwaniu siebie.\",\"breadcrumb\":{\"@id\":\"https:\\\/\\\/sensownie.com\\\/rozwoj-mezczyzn\\\/#breadcrumb\"},\"inLanguage\":\"en-GB\",\"potentialAction\":[{\"@type\":\"ReadAction\",\"target\":[\"https:\\\/\\\/sensownie.com\\\/rozwoj-mezczyzn\\\/\"]}]},{\"@type\":\"BreadcrumbList\",\"@id\":\"https:\\\/\\\/sensownie.com\\\/rozwoj-mezczyzn\\\/#breadcrumb\",\"itemListElement\":[{\"@type\":\"ListItem\",\"position\":1,\"name\":\"Strona g\u0142\u00f3wna\",\"item\":\"https:\\\/\\\/sensownie.com\\\/\"},{\"@type\":\"ListItem\",\"position\":2,\"name\":\"Rozw\u00f3j m\u0119\u017cczyzn\"}]},{\"@type\":\"WebSite\",\"@id\":\"https:\\\/\\\/sensownie.com\\\/#website\",\"url\":\"https:\\\/\\\/sensownie.com\\\/\",\"name\":\"O\u015brodek Kszta\u0142towania Osobowo\u015bci\",\"description\":\"Psychoterapeuta Jacek Za\u0142uski psychoterapia psycholog borderline DBT ACT par ma\u0142\u017ce\u0144ska Warszawa\",\"publisher\":{\"@id\":\"https:\\\/\\\/sensownie.com\\\/#organization\"},\"potentialAction\":[{\"@type\":\"SearchAction\",\"target\":{\"@type\":\"EntryPoint\",\"urlTemplate\":\"https:\\\/\\\/sensownie.com\\\/?s={search_term_string}\"},\"query-input\":{\"@type\":\"PropertyValueSpecification\",\"valueRequired\":true,\"valueName\":\"search_term_string\"}}],\"inLanguage\":\"en-GB\"},{\"@type\":\"Organization\",\"@id\":\"https:\\\/\\\/sensownie.com\\\/#organization\",\"name\":\"O\u015brodek Kszta\u0142towania Osobowo\u015bci Jacek Za\u0142uski\",\"url\":\"https:\\\/\\\/sensownie.com\\\/\",\"logo\":{\"@type\":\"ImageObject\",\"inLanguage\":\"en-GB\",\"@id\":\"https:\\\/\\\/sensownie.com\\\/#\\\/schema\\\/logo\\\/image\\\/\",\"url\":\"https:\\\/\\\/sensownie.com\\\/wp-content\\\/uploads\\\/2020\\\/07\\\/logo_OKO.jpg\",\"contentUrl\":\"https:\\\/\\\/sensownie.com\\\/wp-content\\\/uploads\\\/2020\\\/07\\\/logo_OKO.jpg\",\"width\":256,\"height\":101,\"caption\":\"O\u015brodek Kszta\u0142towania Osobowo\u015bci Jacek Za\u0142uski\"},\"image\":{\"@id\":\"https:\\\/\\\/sensownie.com\\\/#\\\/schema\\\/logo\\\/image\\\/\"},\"sameAs\":[\"https:\\\/\\\/www.facebook.com\\\/JacekZaluskiBlog\",\"https:\\\/\\\/x.com\\\/JacekUski\",\"https:\\\/\\\/pl.linkedin.com\\\/in\\\/jacek-za\u0142uski\"]}]}<\/script>\n<!-- \/ Yoast SEO plugin. -->","yoast_head_json":{"title":"Rozw\u00f3j m\u0119\u017cczyzn - O\u015brodek Kszta\u0142towania Osobowo\u015bci","description":"Odkryj mo\u017cliwo\u015bci rozwoju osobistego dla m\u0119\u017cczyzn \u2013 od warsztat\u00f3w po kr\u0119gi m\u0119skie. Profesjonalne wsparcie w poszukiwaniu siebie.","robots":{"index":"index","follow":"follow","max-snippet":"max-snippet:-1","max-image-preview":"max-image-preview:large","max-video-preview":"max-video-preview:-1"},"canonical":"https:\/\/sensownie.com\/en\/rozwoj-mezczyzn\/","og_locale":"en_GB","og_type":"article","og_title":"Rozw\u00f3j m\u0119\u017cczyzn - O\u015brodek Kszta\u0142towania Osobowo\u015bci","og_description":"Odkryj mo\u017cliwo\u015bci rozwoju osobistego dla m\u0119\u017cczyzn \u2013 od warsztat\u00f3w po kr\u0119gi m\u0119skie. Profesjonalne wsparcie w poszukiwaniu siebie.","og_url":"https:\/\/sensownie.com\/en\/rozwoj-mezczyzn\/","og_site_name":"O\u015brodek Kszta\u0142towania Osobowo\u015bci","article_publisher":"https:\/\/www.facebook.com\/JacekZaluskiBlog","article_modified_time":"2025-04-15T10:54:39+00:00","twitter_card":"summary_large_image","twitter_site":"@JacekUski","twitter_misc":{"Estimated reading time":"17 minutes"},"schema":{"@context":"https:\/\/schema.org","@graph":[{"@type":"WebPage","@id":"https:\/\/sensownie.com\/rozwoj-mezczyzn\/","url":"https:\/\/sensownie.com\/rozwoj-mezczyzn\/","name":"Rozw\u00f3j m\u0119\u017cczyzn - O\u015brodek Kszta\u0142towania Osobowo\u015bci","isPartOf":{"@id":"https:\/\/sensownie.com\/#website"},"datePublished":"2020-07-25T15:16:56+00:00","dateModified":"2025-04-15T10:54:39+00:00","description":"Odkryj mo\u017cliwo\u015bci rozwoju osobistego dla m\u0119\u017cczyzn \u2013 od warsztat\u00f3w po kr\u0119gi m\u0119skie. Profesjonalne wsparcie w poszukiwaniu siebie.","breadcrumb":{"@id":"https:\/\/sensownie.com\/rozwoj-mezczyzn\/#breadcrumb"},"inLanguage":"en-GB","potentialAction":[{"@type":"ReadAction","target":["https:\/\/sensownie.com\/rozwoj-mezczyzn\/"]}]},{"@type":"BreadcrumbList","@id":"https:\/\/sensownie.com\/rozwoj-mezczyzn\/#breadcrumb","itemListElement":[{"@type":"ListItem","position":1,"name":"Strona g\u0142\u00f3wna","item":"https:\/\/sensownie.com\/"},{"@type":"ListItem","position":2,"name":"Rozw\u00f3j m\u0119\u017cczyzn"}]},{"@type":"WebSite","@id":"https:\/\/sensownie.com\/#website","url":"https:\/\/sensownie.com\/","name":"O\u015brodek Kszta\u0142towania Osobowo\u015bci","description":"Psychoterapeuta Jacek Za\u0142uski psychoterapia psycholog borderline DBT ACT par ma\u0142\u017ce\u0144ska Warszawa","publisher":{"@id":"https:\/\/sensownie.com\/#organization"},"potentialAction":[{"@type":"SearchAction","target":{"@type":"EntryPoint","urlTemplate":"https:\/\/sensownie.com\/?s={search_term_string}"},"query-input":{"@type":"PropertyValueSpecification","valueRequired":true,"valueName":"search_term_string"}}],"inLanguage":"en-GB"},{"@type":"Organization","@id":"https:\/\/sensownie.com\/#organization","name":"O\u015brodek Kszta\u0142towania Osobowo\u015bci Jacek Za\u0142uski","url":"https:\/\/sensownie.com\/","logo":{"@type":"ImageObject","inLanguage":"en-GB","@id":"https:\/\/sensownie.com\/#\/schema\/logo\/image\/","url":"https:\/\/sensownie.com\/wp-content\/uploads\/2020\/07\/logo_OKO.jpg","contentUrl":"https:\/\/sensownie.com\/wp-content\/uploads\/2020\/07\/logo_OKO.jpg","width":256,"height":101,"caption":"O\u015brodek Kszta\u0142towania Osobowo\u015bci Jacek Za\u0142uski"},"image":{"@id":"https:\/\/sensownie.com\/#\/schema\/logo\/image\/"},"sameAs":["https:\/\/www.facebook.com\/JacekZaluskiBlog","https:\/\/x.com\/JacekUski","https:\/\/pl.linkedin.com\/in\/jacek-za\u0142uski"]}]}},"_links":{"self":[{"href":"https:\/\/sensownie.com\/en\/wp-json\/wp\/v2\/pages\/39","targetHints":{"allow":["GET"]}}],"collection":[{"href":"https:\/\/sensownie.com\/en\/wp-json\/wp\/v2\/pages"}],"about":[{"href":"https:\/\/sensownie.com\/en\/wp-json\/wp\/v2\/types\/page"}],"author":[{"embeddable":true,"href":"https:\/\/sensownie.com\/en\/wp-json\/wp\/v2\/users\/1"}],"replies":[{"embeddable":true,"href":"https:\/\/sensownie.com\/en\/wp-json\/wp\/v2\/comments?post=39"}],"version-history":[{"count":3,"href":"https:\/\/sensownie.com\/en\/wp-json\/wp\/v2\/pages\/39\/revisions"}],"predecessor-version":[{"id":610,"href":"https:\/\/sensownie.com\/en\/wp-json\/wp\/v2\/pages\/39\/revisions\/610"}],"wp:attachment":[{"href":"https:\/\/sensownie.com\/en\/wp-json\/wp\/v2\/media?parent=39"}],"curies":[{"name":"wp","href":"https:\/\/api.w.org\/{rel}","templated":true}]}}