{"id":29,"date":"2020-07-25T15:14:37","date_gmt":"2020-07-25T15:14:37","guid":{"rendered":"https:\/\/sensownie.com\/?page_id=29"},"modified":"2025-05-15T15:53:56","modified_gmt":"2025-05-15T15:53:56","slug":"kontakt","status":"publish","type":"page","link":"https:\/\/sensownie.com\/en\/kontakt\/","title":{"rendered":"Contact"},"content":{"rendered":"<div id=\"cs-content\" class=\"cs-content\"><div class=\"x-section e29-e1 mt-0\"><div class=\"x-row x-container max width e29-e2 mt-1 mt-2 mt-5 mt-6\"><div class=\"x-row-inner\"><div class=\"x-col e29-e3 mt-9 mt-a\"><span class=\"x-image e29-e4 mt-b\"><img decoding=\"async\" src=\"https:\/\/sensownie.com\/wp-content\/uploads\/2025\/04\/psychoterapeuta-online.png\" width=\"1024\" height=\"1024\" alt=\"psychoterapia online\" loading=\"lazy\"><\/span><div class=\"x-text x-content e29-e5 mt-c mt-d\"><p>&nbsp;<\/p>\n<p>I offer online psychotherapy exclusively via Microsoft Teams (find me from your personal account using the phone number: 660976063) or Google Meet.<\/p>\n<p>To schedule a consultation or psychotherapy session, please book an appointment in the <span style=\"color: #0000ff;\"><a style=\"color: #0000ff;\" href=\"https:\/\/oko.setmore.com\/\"><strong><span style=\"color: #000080;\">calendar<\/span><\/strong><\/a><\/span> or contact me directly:<\/p>\n<p><strong><span style=\"color: #000080;\"><a style=\"color: #000080;\" href=\"mailto:jacek.zaluski@sensownie.com\">jacek.zaluski@sensownie.com<\/a><\/span><\/strong><\/p>\n<p>(+48) 660 976 063<\/p><\/div><\/div><\/div><\/div><div class=\"x-row x-container max width e29-e6 mt-1 mt-3 mt-5 mt-7\"><div class=\"x-row-inner\"><div class=\"x-col e29-e7 mt-9\"><div class=\"x-text x-content e29-e8 mt-d mt-e\"><p>Please log in on time for your scheduled appointment.<\/p><\/div><\/div><\/div><\/div><div class=\"x-row x-container max width e29-e9 mt-1 mt-4 mt-5 mt-8\"><div class=\"x-row-inner\"><div class=\"x-col e29-e10 mt-9\"><a class=\"x-anchor x-anchor-button has-graphic e29-e11 mt-f\" tabindex=\"0\" href=\"https:\/\/oko.setmore.com\/\"><div class=\"x-anchor-content\"><span class=\"x-graphic\" aria-hidden=\"true\"><i class=\"x-icon x-graphic-child x-graphic-icon x-graphic-primary\" aria-hidden=\"true\" data-x-icon-s=\"&#xf25a;\"><\/i><\/span><div class=\"x-anchor-text\"><span class=\"x-anchor-text-primary\">Schedule an online consultation<\/span><\/div><\/div><\/a><\/div><\/div><\/div><\/div><\/div>","protected":false},"excerpt":{"rendered":"<p>&nbsp; Prowadz\u0119 wy\u0142\u0105cznie psychoterapi\u0119 online przez Microsoft Teams (znajd\u017a mnie ze swojego konta prywatnego po nr tel.: 660976063) lub Google Meet. W celu um&oacute;wienia si\u0119 na konsultacj\u0119 lub sesj\u0119 psychoterapii prosz\u0119 o zarezerwowanie wizyty w terminarzu lub o kontakt bezpo\u015bredni ze mn\u0105: jacek.zaluski@sensownie.com (+48) 660 976 063Prosz\u0119 o punktualne \u0142\u0105czenie si\u0119 w um&oacute;wionym terminie.Um&oacute;w si\u0119 na konsultacj\u0119 online<\/p>","protected":false},"author":1,"featured_media":0,"parent":0,"menu_order":0,"comment_status":"closed","ping_status":"closed","template":"","meta":{"rs_blank_template":"","rs_page_bg_color":"#ffffff","slide_template_v7":"","_monsterinsights_skip_tracking":false,"_monsterinsights_sitenote_active":false,"_monsterinsights_sitenote_note":"","_monsterinsights_sitenote_category":0,"footnotes":""},"class_list":["post-29","page","type-page","status-publish","hentry","no-post-thumbnail"],"yoast_head":"<!-- This site is optimized with the Yoast SEO plugin v27.4 - https:\/\/yoast.com\/product\/yoast-seo-wordpress\/ -->\n<title>Kontakt - O\u015brodek Kszta\u0142towania Osobowo\u015bci<\/title>\n<meta name=\"description\" content=\"Skontaktuj si\u0119 z Jackiem Za\u0142uskim, do\u015bwiadczonym psychoterapeut\u0105. Um\u00f3w psychoterapi\u0119 online dla doros\u0142ych lub par. Dyskrecja i profesjonalizm\" \/>\n<meta name=\"robots\" content=\"index, follow, max-snippet:-1, max-image-preview:large, max-video-preview:-1\" \/>\n<link rel=\"canonical\" href=\"https:\/\/sensownie.com\/en\/kontakt\/\" \/>\n<meta property=\"og:locale\" content=\"en_GB\" \/>\n<meta property=\"og:type\" content=\"article\" \/>\n<meta property=\"og:title\" content=\"Kontakt - O\u015brodek Kszta\u0142towania Osobowo\u015bci\" \/>\n<meta property=\"og:description\" content=\"Skontaktuj si\u0119 z Jackiem Za\u0142uskim, do\u015bwiadczonym psychoterapeut\u0105. Um\u00f3w psychoterapi\u0119 online dla doros\u0142ych lub par. Dyskrecja i profesjonalizm\" \/>\n<meta property=\"og:url\" content=\"https:\/\/sensownie.com\/en\/kontakt\/\" \/>\n<meta property=\"og:site_name\" content=\"O\u015brodek Kszta\u0142towania Osobowo\u015bci\" \/>\n<meta property=\"article:publisher\" content=\"https:\/\/www.facebook.com\/JacekZaluskiBlog\" \/>\n<meta property=\"article:modified_time\" content=\"2025-05-15T15:53:56+00:00\" \/>\n<meta name=\"twitter:card\" content=\"summary_large_image\" \/>\n<meta name=\"twitter:site\" content=\"@JacekUski\" \/>\n<meta name=\"twitter:label1\" content=\"Estimated reading time\" \/>\n\t<meta name=\"twitter:data1\" content=\"2 minutes\" \/>\n<script type=\"application\/ld+json\" class=\"yoast-schema-graph\">{\"@context\":\"https:\\\/\\\/schema.org\",\"@graph\":[{\"@type\":\"WebPage\",\"@id\":\"https:\\\/\\\/sensownie.com\\\/kontakt\\\/\",\"url\":\"https:\\\/\\\/sensownie.com\\\/kontakt\\\/\",\"name\":\"Kontakt - O\u015brodek Kszta\u0142towania Osobowo\u015bci\",\"isPartOf\":{\"@id\":\"https:\\\/\\\/sensownie.com\\\/#website\"},\"datePublished\":\"2020-07-25T15:14:37+00:00\",\"dateModified\":\"2025-05-15T15:53:56+00:00\",\"description\":\"Skontaktuj si\u0119 z Jackiem Za\u0142uskim, do\u015bwiadczonym psychoterapeut\u0105. Um\u00f3w psychoterapi\u0119 online dla doros\u0142ych lub par. Dyskrecja i profesjonalizm\",\"breadcrumb\":{\"@id\":\"https:\\\/\\\/sensownie.com\\\/kontakt\\\/#breadcrumb\"},\"inLanguage\":\"en-GB\",\"potentialAction\":[{\"@type\":\"ReadAction\",\"target\":[\"https:\\\/\\\/sensownie.com\\\/kontakt\\\/\"]}]},{\"@type\":\"BreadcrumbList\",\"@id\":\"https:\\\/\\\/sensownie.com\\\/kontakt\\\/#breadcrumb\",\"itemListElement\":[{\"@type\":\"ListItem\",\"position\":1,\"name\":\"Strona g\u0142\u00f3wna\",\"item\":\"https:\\\/\\\/sensownie.com\\\/\"},{\"@type\":\"ListItem\",\"position\":2,\"name\":\"Kontakt\"}]},{\"@type\":\"WebSite\",\"@id\":\"https:\\\/\\\/sensownie.com\\\/#website\",\"url\":\"https:\\\/\\\/sensownie.com\\\/\",\"name\":\"O\u015brodek Kszta\u0142towania Osobowo\u015bci\",\"description\":\"Psychoterapeuta Jacek Za\u0142uski psychoterapia psycholog borderline DBT ACT par ma\u0142\u017ce\u0144ska Warszawa\",\"publisher\":{\"@id\":\"https:\\\/\\\/sensownie.com\\\/#organization\"},\"potentialAction\":[{\"@type\":\"SearchAction\",\"target\":{\"@type\":\"EntryPoint\",\"urlTemplate\":\"https:\\\/\\\/sensownie.com\\\/?s={search_term_string}\"},\"query-input\":{\"@type\":\"PropertyValueSpecification\",\"valueRequired\":true,\"valueName\":\"search_term_string\"}}],\"inLanguage\":\"en-GB\"},{\"@type\":\"Organization\",\"@id\":\"https:\\\/\\\/sensownie.com\\\/#organization\",\"name\":\"O\u015brodek Kszta\u0142towania Osobowo\u015bci Jacek Za\u0142uski\",\"url\":\"https:\\\/\\\/sensownie.com\\\/\",\"logo\":{\"@type\":\"ImageObject\",\"inLanguage\":\"en-GB\",\"@id\":\"https:\\\/\\\/sensownie.com\\\/#\\\/schema\\\/logo\\\/image\\\/\",\"url\":\"https:\\\/\\\/sensownie.com\\\/wp-content\\\/uploads\\\/2020\\\/07\\\/logo_OKO.jpg\",\"contentUrl\":\"https:\\\/\\\/sensownie.com\\\/wp-content\\\/uploads\\\/2020\\\/07\\\/logo_OKO.jpg\",\"width\":256,\"height\":101,\"caption\":\"O\u015brodek Kszta\u0142towania Osobowo\u015bci Jacek Za\u0142uski\"},\"image\":{\"@id\":\"https:\\\/\\\/sensownie.com\\\/#\\\/schema\\\/logo\\\/image\\\/\"},\"sameAs\":[\"https:\\\/\\\/www.facebook.com\\\/JacekZaluskiBlog\",\"https:\\\/\\\/x.com\\\/JacekUski\",\"https:\\\/\\\/pl.linkedin.com\\\/in\\\/jacek-za\u0142uski\"]}]}<\/script>\n<!-- \/ Yoast SEO plugin. -->","yoast_head_json":{"title":"Kontakt - O\u015brodek Kszta\u0142towania Osobowo\u015bci","description":"Skontaktuj si\u0119 z Jackiem Za\u0142uskim, do\u015bwiadczonym psychoterapeut\u0105. Um\u00f3w psychoterapi\u0119 online dla doros\u0142ych lub par. Dyskrecja i profesjonalizm","robots":{"index":"index","follow":"follow","max-snippet":"max-snippet:-1","max-image-preview":"max-image-preview:large","max-video-preview":"max-video-preview:-1"},"canonical":"https:\/\/sensownie.com\/en\/kontakt\/","og_locale":"en_GB","og_type":"article","og_title":"Kontakt - O\u015brodek Kszta\u0142towania Osobowo\u015bci","og_description":"Skontaktuj si\u0119 z Jackiem Za\u0142uskim, do\u015bwiadczonym psychoterapeut\u0105. Um\u00f3w psychoterapi\u0119 online dla doros\u0142ych lub par. Dyskrecja i profesjonalizm","og_url":"https:\/\/sensownie.com\/en\/kontakt\/","og_site_name":"O\u015brodek Kszta\u0142towania Osobowo\u015bci","article_publisher":"https:\/\/www.facebook.com\/JacekZaluskiBlog","article_modified_time":"2025-05-15T15:53:56+00:00","twitter_card":"summary_large_image","twitter_site":"@JacekUski","twitter_misc":{"Estimated reading time":"2 minutes"},"schema":{"@context":"https:\/\/schema.org","@graph":[{"@type":"WebPage","@id":"https:\/\/sensownie.com\/kontakt\/","url":"https:\/\/sensownie.com\/kontakt\/","name":"Kontakt - O\u015brodek Kszta\u0142towania Osobowo\u015bci","isPartOf":{"@id":"https:\/\/sensownie.com\/#website"},"datePublished":"2020-07-25T15:14:37+00:00","dateModified":"2025-05-15T15:53:56+00:00","description":"Skontaktuj si\u0119 z Jackiem Za\u0142uskim, do\u015bwiadczonym psychoterapeut\u0105. Um\u00f3w psychoterapi\u0119 online dla doros\u0142ych lub par. Dyskrecja i profesjonalizm","breadcrumb":{"@id":"https:\/\/sensownie.com\/kontakt\/#breadcrumb"},"inLanguage":"en-GB","potentialAction":[{"@type":"ReadAction","target":["https:\/\/sensownie.com\/kontakt\/"]}]},{"@type":"BreadcrumbList","@id":"https:\/\/sensownie.com\/kontakt\/#breadcrumb","itemListElement":[{"@type":"ListItem","position":1,"name":"Strona g\u0142\u00f3wna","item":"https:\/\/sensownie.com\/"},{"@type":"ListItem","position":2,"name":"Kontakt"}]},{"@type":"WebSite","@id":"https:\/\/sensownie.com\/#website","url":"https:\/\/sensownie.com\/","name":"O\u015brodek Kszta\u0142towania Osobowo\u015bci","description":"Psychoterapeuta Jacek Za\u0142uski psychoterapia psycholog borderline DBT ACT par ma\u0142\u017ce\u0144ska Warszawa","publisher":{"@id":"https:\/\/sensownie.com\/#organization"},"potentialAction":[{"@type":"SearchAction","target":{"@type":"EntryPoint","urlTemplate":"https:\/\/sensownie.com\/?s={search_term_string}"},"query-input":{"@type":"PropertyValueSpecification","valueRequired":true,"valueName":"search_term_string"}}],"inLanguage":"en-GB"},{"@type":"Organization","@id":"https:\/\/sensownie.com\/#organization","name":"O\u015brodek Kszta\u0142towania Osobowo\u015bci Jacek Za\u0142uski","url":"https:\/\/sensownie.com\/","logo":{"@type":"ImageObject","inLanguage":"en-GB","@id":"https:\/\/sensownie.com\/#\/schema\/logo\/image\/","url":"https:\/\/sensownie.com\/wp-content\/uploads\/2020\/07\/logo_OKO.jpg","contentUrl":"https:\/\/sensownie.com\/wp-content\/uploads\/2020\/07\/logo_OKO.jpg","width":256,"height":101,"caption":"O\u015brodek Kszta\u0142towania Osobowo\u015bci Jacek Za\u0142uski"},"image":{"@id":"https:\/\/sensownie.com\/#\/schema\/logo\/image\/"},"sameAs":["https:\/\/www.facebook.com\/JacekZaluskiBlog","https:\/\/x.com\/JacekUski","https:\/\/pl.linkedin.com\/in\/jacek-za\u0142uski"]}]}},"_links":{"self":[{"href":"https:\/\/sensownie.com\/en\/wp-json\/wp\/v2\/pages\/29","targetHints":{"allow":["GET"]}}],"collection":[{"href":"https:\/\/sensownie.com\/en\/wp-json\/wp\/v2\/pages"}],"about":[{"href":"https:\/\/sensownie.com\/en\/wp-json\/wp\/v2\/types\/page"}],"author":[{"embeddable":true,"href":"https:\/\/sensownie.com\/en\/wp-json\/wp\/v2\/users\/1"}],"replies":[{"embeddable":true,"href":"https:\/\/sensownie.com\/en\/wp-json\/wp\/v2\/comments?post=29"}],"version-history":[{"count":5,"href":"https:\/\/sensownie.com\/en\/wp-json\/wp\/v2\/pages\/29\/revisions"}],"predecessor-version":[{"id":678,"href":"https:\/\/sensownie.com\/en\/wp-json\/wp\/v2\/pages\/29\/revisions\/678"}],"wp:attachment":[{"href":"https:\/\/sensownie.com\/en\/wp-json\/wp\/v2\/media?parent=29"}],"curies":[{"name":"wp","href":"https:\/\/api.w.org\/{rel}","templated":true}]}}