{"id":25,"date":"2020-07-25T15:13:57","date_gmt":"2020-07-25T15:13:57","guid":{"rendered":"https:\/\/sensownie.com\/?page_id=25"},"modified":"2026-04-11T08:26:32","modified_gmt":"2026-04-11T08:26:32","slug":"platnosci","status":"publish","type":"page","link":"https:\/\/sensownie.com\/en\/platnosci\/","title":{"rendered":"Payments"},"content":{"rendered":"<div id=\"cs-content\" class=\"cs-content\"><div class=\"x-section e25-e1 mp-0\"><div class=\"x-row x-container max width e25-e2 mp-1 mp-3 mp-4\"><div class=\"x-row-inner\"><div class=\"x-col e25-e3 mp-6\"><div class=\"x-text x-content e25-e4 mp-7\"><p id=\"h.p_4AyIHbiAAMlu\" class=\"zfr3Q\">Online psychotherapy\/counseling in English (45 min): 400 PLN<\/p>\n<p id=\"h.p_4NdXHLB7A5DM\" class=\"zfr3Q\">Online couples therapy in English (45 min): 450 PLN<\/p>\n<p class=\"zfr3Q\">-<\/p>\n<p id=\"h.p_Ep9Sj0KtAY8S\" class=\"zfr3Q\">--<\/p>\n<p class=\"zfr3Q\">---<\/p>\n<p class=\"zfr3Q\">----<\/p><\/div><\/div><div class=\"x-col e25-e5 mp-6\"><div class=\"x-text x-content e25-e6 mp-7\"><p id=\"h.p_KgcPdySHAc-p\" class=\"zfr3Q\">Payments must be made via <strong>bank transfer<\/strong>, <strong>BLIK<\/strong> (+48 660976063), or <strong>PayPal<\/strong>(for international payments) at least 1 day <strong>before<\/strong> the consultation or therapy session.<\/p>\n<p class=\"zfr3Q\"><strong><span style=\"text-decoration: underline; color: #000080;\"><a style=\"color: #000080; text-decoration: underline;\" href=\"https:\/\/www.paypal.com\/paypalme\/gestaltysta\">paypal.me\/gestaltysta<\/a><\/span><\/strong><\/p>\n<p id=\"h.p_NAKAXvry1PRb\" class=\"zfr3Q\">mBank account number:<\/p>\n<p id=\"h.p_2HIQPTPIAnAQ\" class=\"zfr3Q\">O\u015brodek Kszta\u0142towania Osobowo\u015bci Jacek Za\u0142uski<\/p>\n<p id=\"h.p_NX4ujloCAnAR\" class=\"zfr3Q\"><strong>PL771140 2004 0000 3202 6361 9756<\/strong><\/p>\n<p class=\"zfr3Q\">&nbsp;<\/p><\/div><\/div><\/div><\/div><div class=\"x-row x-container max width e25-e7 mp-1 mp-2 mp-3 mp-5\"><div class=\"x-row-inner\"><div class=\"x-col e25-e8 mp-6\"><a class=\"x-anchor x-anchor-button has-graphic e25-e9 mp-8\" tabindex=\"0\" href=\"https:\/\/oko.setmore.com\/\"><div class=\"x-anchor-content\"><span class=\"x-graphic\" aria-hidden=\"true\"><i class=\"x-icon x-graphic-child x-graphic-icon x-graphic-primary\" aria-hidden=\"true\" data-x-icon-s=\"&#xf25a;\"><\/i><\/span><div class=\"x-anchor-text\"><span class=\"x-anchor-text-primary\">Schedule an online consultation<\/span><\/div><\/div><\/a><\/div><\/div><\/div><\/div><\/div>","protected":false},"excerpt":{"rendered":"<p>Konsultacja psychologiczna online (45 min): 300 z\u0142 Psychoterapia indywidualna online (45 min): 300 z\u0142 Interwencja kryzysowa online (45 min): 300 z\u0142 Psychoterapia partnerska online (45 min): 350 z\u0142 Online psychotherapy\/counselling in English (45 min): 400 z\u0142 Online couples therapy in English (45 min): 450 z\u0142Op\u0142at nale\u017cy dokonywa\u0107 przelewem, BLIK-iem (660976063) lub PayPal-em (w przypadku p\u0142atno\u015bci zagranicznych) minimum 1 dzie\u0144 przed &#8230; <\/p>\n<div><a href=\"https:\/\/sensownie.com\/en\/platnosci\/\" class=\"more-link\">Read More<\/a><\/div>","protected":false},"author":1,"featured_media":0,"parent":0,"menu_order":0,"comment_status":"closed","ping_status":"closed","template":"","meta":{"rs_blank_template":"","rs_page_bg_color":"#ffffff","slide_template_v7":"","_monsterinsights_skip_tracking":false,"_monsterinsights_sitenote_active":false,"_monsterinsights_sitenote_note":"","_monsterinsights_sitenote_category":0,"footnotes":""},"class_list":["post-25","page","type-page","status-publish","hentry","no-post-thumbnail"],"yoast_head":"<!-- This site is optimized with the Yoast SEO plugin v27.4 - https:\/\/yoast.com\/product\/yoast-seo-wordpress\/ -->\n<title>P\u0142atno\u015bci - O\u015brodek Kszta\u0142towania Osobowo\u015bci<\/title>\n<meta name=\"description\" content=\"Profesjonalna psychoterapia online dla doros\u0142ych zmagaj\u0105cych si\u0119 z wyzwaniami emocjonalnymi, zawodowymi i osobistymi. Wsparcie dla Ciebie.\" \/>\n<meta name=\"robots\" content=\"index, follow, max-snippet:-1, max-image-preview:large, max-video-preview:-1\" \/>\n<link rel=\"canonical\" href=\"https:\/\/sensownie.com\/en\/platnosci\/\" \/>\n<meta property=\"og:locale\" content=\"en_GB\" \/>\n<meta property=\"og:type\" content=\"article\" \/>\n<meta property=\"og:title\" content=\"P\u0142atno\u015bci - O\u015brodek Kszta\u0142towania Osobowo\u015bci\" \/>\n<meta property=\"og:description\" content=\"Profesjonalna psychoterapia online dla doros\u0142ych zmagaj\u0105cych si\u0119 z wyzwaniami emocjonalnymi, zawodowymi i osobistymi. Wsparcie dla Ciebie.\" \/>\n<meta property=\"og:url\" content=\"https:\/\/sensownie.com\/en\/platnosci\/\" \/>\n<meta property=\"og:site_name\" content=\"O\u015brodek Kszta\u0142towania Osobowo\u015bci\" \/>\n<meta property=\"article:publisher\" content=\"https:\/\/www.facebook.com\/JacekZaluskiBlog\" \/>\n<meta property=\"article:modified_time\" content=\"2026-04-11T08:26:32+00:00\" \/>\n<meta name=\"twitter:card\" content=\"summary_large_image\" \/>\n<meta name=\"twitter:site\" content=\"@JacekUski\" \/>\n<meta name=\"twitter:label1\" content=\"Estimated reading time\" \/>\n\t<meta name=\"twitter:data1\" content=\"1 minute\" \/>\n<script type=\"application\/ld+json\" class=\"yoast-schema-graph\">{\"@context\":\"https:\\\/\\\/schema.org\",\"@graph\":[{\"@type\":\"WebPage\",\"@id\":\"https:\\\/\\\/sensownie.com\\\/platnosci\\\/\",\"url\":\"https:\\\/\\\/sensownie.com\\\/platnosci\\\/\",\"name\":\"P\u0142atno\u015bci - O\u015brodek Kszta\u0142towania Osobowo\u015bci\",\"isPartOf\":{\"@id\":\"https:\\\/\\\/sensownie.com\\\/#website\"},\"datePublished\":\"2020-07-25T15:13:57+00:00\",\"dateModified\":\"2026-04-11T08:26:32+00:00\",\"description\":\"Profesjonalna psychoterapia online dla doros\u0142ych zmagaj\u0105cych si\u0119 z wyzwaniami emocjonalnymi, zawodowymi i osobistymi. Wsparcie dla Ciebie.\",\"breadcrumb\":{\"@id\":\"https:\\\/\\\/sensownie.com\\\/platnosci\\\/#breadcrumb\"},\"inLanguage\":\"en-GB\",\"potentialAction\":[{\"@type\":\"ReadAction\",\"target\":[\"https:\\\/\\\/sensownie.com\\\/platnosci\\\/\"]}]},{\"@type\":\"BreadcrumbList\",\"@id\":\"https:\\\/\\\/sensownie.com\\\/platnosci\\\/#breadcrumb\",\"itemListElement\":[{\"@type\":\"ListItem\",\"position\":1,\"name\":\"Strona g\u0142\u00f3wna\",\"item\":\"https:\\\/\\\/sensownie.com\\\/\"},{\"@type\":\"ListItem\",\"position\":2,\"name\":\"P\u0142atno\u015bci\"}]},{\"@type\":\"WebSite\",\"@id\":\"https:\\\/\\\/sensownie.com\\\/#website\",\"url\":\"https:\\\/\\\/sensownie.com\\\/\",\"name\":\"O\u015brodek Kszta\u0142towania Osobowo\u015bci\",\"description\":\"Psychoterapeuta Jacek Za\u0142uski psychoterapia psycholog borderline DBT ACT par ma\u0142\u017ce\u0144ska Warszawa\",\"publisher\":{\"@id\":\"https:\\\/\\\/sensownie.com\\\/#organization\"},\"potentialAction\":[{\"@type\":\"SearchAction\",\"target\":{\"@type\":\"EntryPoint\",\"urlTemplate\":\"https:\\\/\\\/sensownie.com\\\/?s={search_term_string}\"},\"query-input\":{\"@type\":\"PropertyValueSpecification\",\"valueRequired\":true,\"valueName\":\"search_term_string\"}}],\"inLanguage\":\"en-GB\"},{\"@type\":\"Organization\",\"@id\":\"https:\\\/\\\/sensownie.com\\\/#organization\",\"name\":\"O\u015brodek Kszta\u0142towania Osobowo\u015bci Jacek Za\u0142uski\",\"url\":\"https:\\\/\\\/sensownie.com\\\/\",\"logo\":{\"@type\":\"ImageObject\",\"inLanguage\":\"en-GB\",\"@id\":\"https:\\\/\\\/sensownie.com\\\/#\\\/schema\\\/logo\\\/image\\\/\",\"url\":\"https:\\\/\\\/sensownie.com\\\/wp-content\\\/uploads\\\/2020\\\/07\\\/logo_OKO.jpg\",\"contentUrl\":\"https:\\\/\\\/sensownie.com\\\/wp-content\\\/uploads\\\/2020\\\/07\\\/logo_OKO.jpg\",\"width\":256,\"height\":101,\"caption\":\"O\u015brodek Kszta\u0142towania Osobowo\u015bci Jacek Za\u0142uski\"},\"image\":{\"@id\":\"https:\\\/\\\/sensownie.com\\\/#\\\/schema\\\/logo\\\/image\\\/\"},\"sameAs\":[\"https:\\\/\\\/www.facebook.com\\\/JacekZaluskiBlog\",\"https:\\\/\\\/x.com\\\/JacekUski\",\"https:\\\/\\\/pl.linkedin.com\\\/in\\\/jacek-za\u0142uski\"]}]}<\/script>\n<!-- \/ Yoast SEO plugin. -->","yoast_head_json":{"title":"P\u0142atno\u015bci - O\u015brodek Kszta\u0142towania Osobowo\u015bci","description":"Profesjonalna psychoterapia online dla doros\u0142ych zmagaj\u0105cych si\u0119 z wyzwaniami emocjonalnymi, zawodowymi i osobistymi. Wsparcie dla Ciebie.","robots":{"index":"index","follow":"follow","max-snippet":"max-snippet:-1","max-image-preview":"max-image-preview:large","max-video-preview":"max-video-preview:-1"},"canonical":"https:\/\/sensownie.com\/en\/platnosci\/","og_locale":"en_GB","og_type":"article","og_title":"P\u0142atno\u015bci - O\u015brodek Kszta\u0142towania Osobowo\u015bci","og_description":"Profesjonalna psychoterapia online dla doros\u0142ych zmagaj\u0105cych si\u0119 z wyzwaniami emocjonalnymi, zawodowymi i osobistymi. Wsparcie dla Ciebie.","og_url":"https:\/\/sensownie.com\/en\/platnosci\/","og_site_name":"O\u015brodek Kszta\u0142towania Osobowo\u015bci","article_publisher":"https:\/\/www.facebook.com\/JacekZaluskiBlog","article_modified_time":"2026-04-11T08:26:32+00:00","twitter_card":"summary_large_image","twitter_site":"@JacekUski","twitter_misc":{"Estimated reading time":"1 minute"},"schema":{"@context":"https:\/\/schema.org","@graph":[{"@type":"WebPage","@id":"https:\/\/sensownie.com\/platnosci\/","url":"https:\/\/sensownie.com\/platnosci\/","name":"P\u0142atno\u015bci - O\u015brodek Kszta\u0142towania Osobowo\u015bci","isPartOf":{"@id":"https:\/\/sensownie.com\/#website"},"datePublished":"2020-07-25T15:13:57+00:00","dateModified":"2026-04-11T08:26:32+00:00","description":"Profesjonalna psychoterapia online dla doros\u0142ych zmagaj\u0105cych si\u0119 z wyzwaniami emocjonalnymi, zawodowymi i osobistymi. Wsparcie dla Ciebie.","breadcrumb":{"@id":"https:\/\/sensownie.com\/platnosci\/#breadcrumb"},"inLanguage":"en-GB","potentialAction":[{"@type":"ReadAction","target":["https:\/\/sensownie.com\/platnosci\/"]}]},{"@type":"BreadcrumbList","@id":"https:\/\/sensownie.com\/platnosci\/#breadcrumb","itemListElement":[{"@type":"ListItem","position":1,"name":"Strona g\u0142\u00f3wna","item":"https:\/\/sensownie.com\/"},{"@type":"ListItem","position":2,"name":"P\u0142atno\u015bci"}]},{"@type":"WebSite","@id":"https:\/\/sensownie.com\/#website","url":"https:\/\/sensownie.com\/","name":"O\u015brodek Kszta\u0142towania Osobowo\u015bci","description":"Psychoterapeuta Jacek Za\u0142uski psychoterapia psycholog borderline DBT ACT par ma\u0142\u017ce\u0144ska Warszawa","publisher":{"@id":"https:\/\/sensownie.com\/#organization"},"potentialAction":[{"@type":"SearchAction","target":{"@type":"EntryPoint","urlTemplate":"https:\/\/sensownie.com\/?s={search_term_string}"},"query-input":{"@type":"PropertyValueSpecification","valueRequired":true,"valueName":"search_term_string"}}],"inLanguage":"en-GB"},{"@type":"Organization","@id":"https:\/\/sensownie.com\/#organization","name":"O\u015brodek Kszta\u0142towania Osobowo\u015bci Jacek Za\u0142uski","url":"https:\/\/sensownie.com\/","logo":{"@type":"ImageObject","inLanguage":"en-GB","@id":"https:\/\/sensownie.com\/#\/schema\/logo\/image\/","url":"https:\/\/sensownie.com\/wp-content\/uploads\/2020\/07\/logo_OKO.jpg","contentUrl":"https:\/\/sensownie.com\/wp-content\/uploads\/2020\/07\/logo_OKO.jpg","width":256,"height":101,"caption":"O\u015brodek Kszta\u0142towania Osobowo\u015bci Jacek Za\u0142uski"},"image":{"@id":"https:\/\/sensownie.com\/#\/schema\/logo\/image\/"},"sameAs":["https:\/\/www.facebook.com\/JacekZaluskiBlog","https:\/\/x.com\/JacekUski","https:\/\/pl.linkedin.com\/in\/jacek-za\u0142uski"]}]}},"_links":{"self":[{"href":"https:\/\/sensownie.com\/en\/wp-json\/wp\/v2\/pages\/25","targetHints":{"allow":["GET"]}}],"collection":[{"href":"https:\/\/sensownie.com\/en\/wp-json\/wp\/v2\/pages"}],"about":[{"href":"https:\/\/sensownie.com\/en\/wp-json\/wp\/v2\/types\/page"}],"author":[{"embeddable":true,"href":"https:\/\/sensownie.com\/en\/wp-json\/wp\/v2\/users\/1"}],"replies":[{"embeddable":true,"href":"https:\/\/sensownie.com\/en\/wp-json\/wp\/v2\/comments?post=25"}],"version-history":[{"count":7,"href":"https:\/\/sensownie.com\/en\/wp-json\/wp\/v2\/pages\/25\/revisions"}],"predecessor-version":[{"id":690,"href":"https:\/\/sensownie.com\/en\/wp-json\/wp\/v2\/pages\/25\/revisions\/690"}],"wp:attachment":[{"href":"https:\/\/sensownie.com\/en\/wp-json\/wp\/v2\/media?parent=25"}],"curies":[{"name":"wp","href":"https:\/\/api.w.org\/{rel}","templated":true}]}}