{"id":23,"date":"2020-07-25T15:13:40","date_gmt":"2020-07-25T15:13:40","guid":{"rendered":"https:\/\/sensownie.com\/?page_id=23"},"modified":"2025-04-15T11:04:48","modified_gmt":"2025-04-15T11:04:48","slug":"dbt","status":"publish","type":"page","link":"https:\/\/sensownie.com\/en\/dbt\/","title":{"rendered":"DBT therapy"},"content":{"rendered":"<div id=\"cs-content\" class=\"cs-content\"><\/div>","protected":false},"excerpt":{"rendered":"<p>Terapia Dialektyczno-Behawioralna (DBT), stworzona przez dr Marsh\u0119 Linehan, jest uznan\u0105 form\u0105 psychoterapii, kt&oacute;ra powsta\u0142a, by wspiera\u0107 osoby zmagaj\u0105ce si\u0119 z zaburzeniem osobowo\u015bci z pogranicza (Borderline Personality Disorder &ndash; BPD). W swojej praktyce wykorzystuj\u0119 DBT w ramach nowoczesnego nurtu &bdquo;trzeciej fali&rdquo; terapii poznawczo-behawioralnych, wsp&oacute;\u0142tworzonego przez Linehan i Stevena Hayesa, by oferowa\u0107 pacjentom precyzyjne i empatyczne wsparcie w osi\u0105ganiu harmonii emocjonalnej. DBT &#8230; <\/p>\n<div><a href=\"https:\/\/sensownie.com\/en\/dbt\/\" class=\"more-link\">Read More<\/a><\/div>","protected":false},"author":1,"featured_media":0,"parent":0,"menu_order":0,"comment_status":"closed","ping_status":"closed","template":"","meta":{"rs_blank_template":"","rs_page_bg_color":"#ffffff","slide_template_v7":"","_monsterinsights_skip_tracking":false,"_monsterinsights_sitenote_active":false,"_monsterinsights_sitenote_note":"","_monsterinsights_sitenote_category":0,"footnotes":""},"class_list":["post-23","page","type-page","status-publish","hentry","no-post-thumbnail"],"yoast_head":"<!-- This site is optimized with the Yoast SEO plugin v27.4 - https:\/\/yoast.com\/product\/yoast-seo-wordpress\/ -->\n<title>Terapia DBT - O\u015brodek Kszta\u0142towania Osobowo\u015bci<\/title>\n<meta name=\"description\" content=\"Poznaj Terapi\u0119 Dialektyczno-Behawioraln\u0105 (DBT) \u2013 skuteczn\u0105 metod\u0119 wspieraj\u0105c\u0105 regulacj\u0119 emocji i dobrostan. Profesjonalne wsparcie z mn\u0105.\" \/>\n<meta name=\"robots\" content=\"index, follow, max-snippet:-1, max-image-preview:large, max-video-preview:-1\" \/>\n<link rel=\"canonical\" href=\"https:\/\/sensownie.com\/en\/dbt\/\" \/>\n<meta property=\"og:locale\" content=\"en_GB\" \/>\n<meta property=\"og:type\" content=\"article\" \/>\n<meta property=\"og:title\" content=\"Terapia DBT - O\u015brodek Kszta\u0142towania Osobowo\u015bci\" \/>\n<meta property=\"og:description\" content=\"Poznaj Terapi\u0119 Dialektyczno-Behawioraln\u0105 (DBT) \u2013 skuteczn\u0105 metod\u0119 wspieraj\u0105c\u0105 regulacj\u0119 emocji i dobrostan. Profesjonalne wsparcie z mn\u0105.\" \/>\n<meta property=\"og:url\" content=\"https:\/\/sensownie.com\/en\/dbt\/\" \/>\n<meta property=\"og:site_name\" content=\"O\u015brodek Kszta\u0142towania Osobowo\u015bci\" \/>\n<meta property=\"article:publisher\" content=\"https:\/\/www.facebook.com\/JacekZaluskiBlog\" \/>\n<meta property=\"article:modified_time\" content=\"2025-04-15T11:04:48+00:00\" \/>\n<meta name=\"twitter:card\" content=\"summary_large_image\" \/>\n<meta name=\"twitter:site\" content=\"@JacekUski\" \/>\n<meta name=\"twitter:label1\" content=\"Estimated reading time\" \/>\n\t<meta name=\"twitter:data1\" content=\"10 minutes\" \/>\n<script type=\"application\/ld+json\" class=\"yoast-schema-graph\">{\"@context\":\"https:\\\/\\\/schema.org\",\"@graph\":[{\"@type\":\"WebPage\",\"@id\":\"https:\\\/\\\/sensownie.com\\\/dbt\\\/\",\"url\":\"https:\\\/\\\/sensownie.com\\\/dbt\\\/\",\"name\":\"Terapia DBT - O\u015brodek Kszta\u0142towania Osobowo\u015bci\",\"isPartOf\":{\"@id\":\"https:\\\/\\\/sensownie.com\\\/#website\"},\"datePublished\":\"2020-07-25T15:13:40+00:00\",\"dateModified\":\"2025-04-15T11:04:48+00:00\",\"description\":\"Poznaj Terapi\u0119 Dialektyczno-Behawioraln\u0105 (DBT) \u2013 skuteczn\u0105 metod\u0119 wspieraj\u0105c\u0105 regulacj\u0119 emocji i dobrostan. Profesjonalne wsparcie z mn\u0105.\",\"breadcrumb\":{\"@id\":\"https:\\\/\\\/sensownie.com\\\/dbt\\\/#breadcrumb\"},\"inLanguage\":\"en-GB\",\"potentialAction\":[{\"@type\":\"ReadAction\",\"target\":[\"https:\\\/\\\/sensownie.com\\\/dbt\\\/\"]}]},{\"@type\":\"BreadcrumbList\",\"@id\":\"https:\\\/\\\/sensownie.com\\\/dbt\\\/#breadcrumb\",\"itemListElement\":[{\"@type\":\"ListItem\",\"position\":1,\"name\":\"Strona g\u0142\u00f3wna\",\"item\":\"https:\\\/\\\/sensownie.com\\\/\"},{\"@type\":\"ListItem\",\"position\":2,\"name\":\"Terapia DBT\"}]},{\"@type\":\"WebSite\",\"@id\":\"https:\\\/\\\/sensownie.com\\\/#website\",\"url\":\"https:\\\/\\\/sensownie.com\\\/\",\"name\":\"O\u015brodek Kszta\u0142towania Osobowo\u015bci\",\"description\":\"Psychoterapeuta Jacek Za\u0142uski psychoterapia psycholog borderline DBT ACT par ma\u0142\u017ce\u0144ska Warszawa\",\"publisher\":{\"@id\":\"https:\\\/\\\/sensownie.com\\\/#organization\"},\"potentialAction\":[{\"@type\":\"SearchAction\",\"target\":{\"@type\":\"EntryPoint\",\"urlTemplate\":\"https:\\\/\\\/sensownie.com\\\/?s={search_term_string}\"},\"query-input\":{\"@type\":\"PropertyValueSpecification\",\"valueRequired\":true,\"valueName\":\"search_term_string\"}}],\"inLanguage\":\"en-GB\"},{\"@type\":\"Organization\",\"@id\":\"https:\\\/\\\/sensownie.com\\\/#organization\",\"name\":\"O\u015brodek Kszta\u0142towania Osobowo\u015bci Jacek Za\u0142uski\",\"url\":\"https:\\\/\\\/sensownie.com\\\/\",\"logo\":{\"@type\":\"ImageObject\",\"inLanguage\":\"en-GB\",\"@id\":\"https:\\\/\\\/sensownie.com\\\/#\\\/schema\\\/logo\\\/image\\\/\",\"url\":\"https:\\\/\\\/sensownie.com\\\/wp-content\\\/uploads\\\/2020\\\/07\\\/logo_OKO.jpg\",\"contentUrl\":\"https:\\\/\\\/sensownie.com\\\/wp-content\\\/uploads\\\/2020\\\/07\\\/logo_OKO.jpg\",\"width\":256,\"height\":101,\"caption\":\"O\u015brodek Kszta\u0142towania Osobowo\u015bci Jacek Za\u0142uski\"},\"image\":{\"@id\":\"https:\\\/\\\/sensownie.com\\\/#\\\/schema\\\/logo\\\/image\\\/\"},\"sameAs\":[\"https:\\\/\\\/www.facebook.com\\\/JacekZaluskiBlog\",\"https:\\\/\\\/x.com\\\/JacekUski\",\"https:\\\/\\\/pl.linkedin.com\\\/in\\\/jacek-za\u0142uski\"]}]}<\/script>\n<!-- \/ Yoast SEO plugin. -->","yoast_head_json":{"title":"Terapia DBT - O\u015brodek Kszta\u0142towania Osobowo\u015bci","description":"Poznaj Terapi\u0119 Dialektyczno-Behawioraln\u0105 (DBT) \u2013 skuteczn\u0105 metod\u0119 wspieraj\u0105c\u0105 regulacj\u0119 emocji i dobrostan. Profesjonalne wsparcie z mn\u0105.","robots":{"index":"index","follow":"follow","max-snippet":"max-snippet:-1","max-image-preview":"max-image-preview:large","max-video-preview":"max-video-preview:-1"},"canonical":"https:\/\/sensownie.com\/en\/dbt\/","og_locale":"en_GB","og_type":"article","og_title":"Terapia DBT - O\u015brodek Kszta\u0142towania Osobowo\u015bci","og_description":"Poznaj Terapi\u0119 Dialektyczno-Behawioraln\u0105 (DBT) \u2013 skuteczn\u0105 metod\u0119 wspieraj\u0105c\u0105 regulacj\u0119 emocji i dobrostan. Profesjonalne wsparcie z mn\u0105.","og_url":"https:\/\/sensownie.com\/en\/dbt\/","og_site_name":"O\u015brodek Kszta\u0142towania Osobowo\u015bci","article_publisher":"https:\/\/www.facebook.com\/JacekZaluskiBlog","article_modified_time":"2025-04-15T11:04:48+00:00","twitter_card":"summary_large_image","twitter_site":"@JacekUski","twitter_misc":{"Estimated reading time":"10 minutes"},"schema":{"@context":"https:\/\/schema.org","@graph":[{"@type":"WebPage","@id":"https:\/\/sensownie.com\/dbt\/","url":"https:\/\/sensownie.com\/dbt\/","name":"Terapia DBT - O\u015brodek Kszta\u0142towania Osobowo\u015bci","isPartOf":{"@id":"https:\/\/sensownie.com\/#website"},"datePublished":"2020-07-25T15:13:40+00:00","dateModified":"2025-04-15T11:04:48+00:00","description":"Poznaj Terapi\u0119 Dialektyczno-Behawioraln\u0105 (DBT) \u2013 skuteczn\u0105 metod\u0119 wspieraj\u0105c\u0105 regulacj\u0119 emocji i dobrostan. Profesjonalne wsparcie z mn\u0105.","breadcrumb":{"@id":"https:\/\/sensownie.com\/dbt\/#breadcrumb"},"inLanguage":"en-GB","potentialAction":[{"@type":"ReadAction","target":["https:\/\/sensownie.com\/dbt\/"]}]},{"@type":"BreadcrumbList","@id":"https:\/\/sensownie.com\/dbt\/#breadcrumb","itemListElement":[{"@type":"ListItem","position":1,"name":"Strona g\u0142\u00f3wna","item":"https:\/\/sensownie.com\/"},{"@type":"ListItem","position":2,"name":"Terapia DBT"}]},{"@type":"WebSite","@id":"https:\/\/sensownie.com\/#website","url":"https:\/\/sensownie.com\/","name":"O\u015brodek Kszta\u0142towania Osobowo\u015bci","description":"Psychoterapeuta Jacek Za\u0142uski psychoterapia psycholog borderline DBT ACT par ma\u0142\u017ce\u0144ska Warszawa","publisher":{"@id":"https:\/\/sensownie.com\/#organization"},"potentialAction":[{"@type":"SearchAction","target":{"@type":"EntryPoint","urlTemplate":"https:\/\/sensownie.com\/?s={search_term_string}"},"query-input":{"@type":"PropertyValueSpecification","valueRequired":true,"valueName":"search_term_string"}}],"inLanguage":"en-GB"},{"@type":"Organization","@id":"https:\/\/sensownie.com\/#organization","name":"O\u015brodek Kszta\u0142towania Osobowo\u015bci Jacek Za\u0142uski","url":"https:\/\/sensownie.com\/","logo":{"@type":"ImageObject","inLanguage":"en-GB","@id":"https:\/\/sensownie.com\/#\/schema\/logo\/image\/","url":"https:\/\/sensownie.com\/wp-content\/uploads\/2020\/07\/logo_OKO.jpg","contentUrl":"https:\/\/sensownie.com\/wp-content\/uploads\/2020\/07\/logo_OKO.jpg","width":256,"height":101,"caption":"O\u015brodek Kszta\u0142towania Osobowo\u015bci Jacek Za\u0142uski"},"image":{"@id":"https:\/\/sensownie.com\/#\/schema\/logo\/image\/"},"sameAs":["https:\/\/www.facebook.com\/JacekZaluskiBlog","https:\/\/x.com\/JacekUski","https:\/\/pl.linkedin.com\/in\/jacek-za\u0142uski"]}]}},"_links":{"self":[{"href":"https:\/\/sensownie.com\/en\/wp-json\/wp\/v2\/pages\/23","targetHints":{"allow":["GET"]}}],"collection":[{"href":"https:\/\/sensownie.com\/en\/wp-json\/wp\/v2\/pages"}],"about":[{"href":"https:\/\/sensownie.com\/en\/wp-json\/wp\/v2\/types\/page"}],"author":[{"embeddable":true,"href":"https:\/\/sensownie.com\/en\/wp-json\/wp\/v2\/users\/1"}],"replies":[{"embeddable":true,"href":"https:\/\/sensownie.com\/en\/wp-json\/wp\/v2\/comments?post=23"}],"version-history":[{"count":3,"href":"https:\/\/sensownie.com\/en\/wp-json\/wp\/v2\/pages\/23\/revisions"}],"predecessor-version":[{"id":621,"href":"https:\/\/sensownie.com\/en\/wp-json\/wp\/v2\/pages\/23\/revisions\/621"}],"wp:attachment":[{"href":"https:\/\/sensownie.com\/en\/wp-json\/wp\/v2\/media?parent=23"}],"curies":[{"name":"wp","href":"https:\/\/api.w.org\/{rel}","templated":true}]}}