{"id":19,"date":"2020-07-25T15:13:00","date_gmt":"2020-07-25T15:13:00","guid":{"rendered":"https:\/\/sensownie.com\/?page_id=19"},"modified":"2025-04-18T06:36:55","modified_gmt":"2025-04-18T06:36:55","slug":"skutecznosc-psychoterapii","status":"publish","type":"page","link":"https:\/\/sensownie.com\/en\/skutecznosc-psychoterapii\/","title":{"rendered":"The effectiveness of psychotherapy"},"content":{"rendered":"<div id=\"cs-content\" class=\"cs-content\"><div class=\"x-section e19-e1 mj-0\"><div class=\"x-row x-container max width e19-e2 mj-1 mj-2 mj-5 mj-6\"><div class=\"x-row-inner\"><div class=\"x-col e19-e3 mj-9\"><div class=\"x-text x-content e19-e4 mj-a mj-b\"><div>\n<p class=\"break-words\" dir=\"auto\">If you are considering whether psychotherapy or counseling might be a valuable form of support for you, I invite you to review reliable information based on scientific research. Below, I present the key findings from an analysis of research results that confirm the effectiveness of these forms of support. You can easily find the <span style=\"color: #000080;\"><strong><a style=\"color: #000080;\" href=\"https:\/\/scholar.google.com\/scholar?hl=pl&amp;as_sdt=0%2C5&amp;q=effectiveness+psychotherapy&amp;oq=effectiveness+psych\">source articles<\/a><\/strong><\/span>&nbsp;on&nbsp;<span style=\"color: #000080;\"><strong><a style=\"color: #000080;\" href=\"https:\/\/scholar.google.com\/scholar?hl=pl&amp;as_sdt=0%2C5&amp;q=effectiveness+counseling&amp;oq=effectiveness+couns\">Google Scholar<\/a><\/strong><\/span>.<\/p>\n<p class=\"break-words\" dir=\"auto\">Based on scientific evidence, we can confidently state:<\/p>\n<ul class=\"marker:text-secondary\" dir=\"auto\">\n<li class=\"break-words\"><strong>Effectiveness<\/strong>: people who undergo psychotherapy or psychological counseling experience a significant reduction in stress and psychological distress compared to those who do not seek therapy.<\/li>\n<li class=\"break-words\"><strong>Long-term benefits<\/strong>: in many cases, therapy proves to be just as effective, and sometimes more lasting, than pharmacotherapy, particularly in coping with emotional difficulties.<\/li>\n<\/ul>\n<\/div><\/div><\/div><div class=\"x-col e19-e5 mj-9\"><div class=\"x-text x-content e19-e6 mj-a mj-b\"><ul>\n<li class=\"break-words\"><strong>Cost-effectiveness<\/strong>: psychotherapy is recognized as a cost-effective form of support, yielding measurable benefits for mental health and quality of life.<\/li>\n<li class=\"break-words\"><strong>Balance of Approaches<\/strong>: differences in effectiveness between various therapeutic approaches are minimal\u2014the key is tailoring the approach to the patient\u2019s individual needs.<\/li>\n<li class=\"break-words\"><strong>Patient Engagement<\/strong>: your level of openness and willingness to build a therapeutic relationship is one of the most important factors influencing the success of therapy.<\/li>\n<li class=\"break-words\"><strong>Therapeutic relationship<\/strong>: a therapist\u2019s empathetic, collaborative, and professional approach is more important for outcomes than their personal or demographic characteristics.<\/li>\n<li class=\"break-words\"><strong>The role of techniques<\/strong>: carefully selected therapeutic techniques, applied within a caring relationship, reinforce the process of change and support growth.<\/li>\n<\/ul>\n<p><small id=\"h.p_ID_50\" class=\"zfr3Q TMjjoe\">Cooper, M. (2010). <em>Efektywno\u015b\u0107 psychoterapii i poradnictwa psychologicznego<\/em>. Warszawa: Instytut Psychologii Zdrowia PTP, s. 209-210.<\/small><\/p><\/div><\/div><\/div><\/div><div class=\"x-row x-container max width e19-e7 mj-1 mj-2 mj-3 mj-5 mj-7\"><div class=\"x-row-inner\"><div class=\"x-col e19-e8 mj-9\"><div class=\"x-text x-content e19-e9 mj-a mj-c\"><p>&nbsp;<\/p>\n<p><span style=\"color: #000080;\"><strong><a style=\"color: #000080;\" href=\"https:\/\/scholar.google.com\/scholar?hl=pl&amp;as_sdt=0%2C5&amp;q=effectiveness+psychotherapy+online&amp;oq=\">Online psychotherapy<\/a><\/strong><\/span> is just as effective as face-to-face therapy. You can also read about this on my <span style=\"color: #000080;\"><strong><a style=\"color: #000080;\" href=\"https:\/\/www.zaluski.blog\/psychoterapia-online\/\">blog<\/a><\/strong><\/span>.<\/p>\n<p>&nbsp;<\/p><\/div><\/div><\/div><\/div><div class=\"x-row x-container max width e19-e10 mj-2 mj-4 mj-8\"><div class=\"x-row-inner\"><div class=\"x-col e19-e11 mj-9\"><a class=\"x-anchor x-anchor-button has-graphic e19-e12 mj-d\" tabindex=\"0\" href=\"https:\/\/oko.setmore.com\/\"><div class=\"x-anchor-content\"><span class=\"x-graphic\" aria-hidden=\"true\"><i class=\"x-icon x-graphic-child x-graphic-icon x-graphic-primary\" aria-hidden=\"true\" data-x-icon-s=\"&#xf25a;\"><\/i><\/span><div class=\"x-anchor-text\"><span class=\"x-anchor-text-primary\">Schedule an online consultation<\/span><\/div><\/div><\/a><\/div><\/div><\/div><\/div><\/div>","protected":false},"excerpt":{"rendered":"<p>Je\u015bli rozwa\u017casz, czy psychoterapia lub counselling mog\u0105 by\u0107 dla Ciebie warto\u015bciowym wsparciem, zapraszam do zapoznania si\u0119 z rzetelnymi informacjami opartymi na badaniach naukowych. Poni\u017cej przedstawiam kluczowe wnioski p\u0142yn\u0105ce z analizy wynik&oacute;w bada\u0144, kt&oacute;re potwierdzaj\u0105 skuteczno\u015b\u0107 tych form pomocy. Artyku\u0142y \u017ar&oacute;d\u0142owe&nbsp;\u0142atwo znajdziesz w&nbsp;Google Scholar. Na podstawie dowod&oacute;w naukowych mo\u017cemy z pewno\u015bci\u0105 stwierdzi\u0107: Skuteczno\u015b\u0107: osoby korzystaj\u0105ce z psychoterapii lub poradnictwa psychologicznego (counsellingu) &#8230; <\/p>\n<div><a href=\"https:\/\/sensownie.com\/en\/skutecznosc-psychoterapii\/\" class=\"more-link\">Read More<\/a><\/div>","protected":false},"author":1,"featured_media":0,"parent":0,"menu_order":0,"comment_status":"closed","ping_status":"closed","template":"","meta":{"rs_blank_template":"","rs_page_bg_color":"#ffffff","slide_template_v7":"","_monsterinsights_skip_tracking":false,"_monsterinsights_sitenote_active":false,"_monsterinsights_sitenote_note":"","_monsterinsights_sitenote_category":0,"footnotes":""},"class_list":["post-19","page","type-page","status-publish","hentry","no-post-thumbnail"],"yoast_head":"<!-- This site is optimized with the Yoast SEO plugin v27.4 - https:\/\/yoast.com\/product\/yoast-seo-wordpress\/ -->\n<title>Skuteczno\u015b\u0107 psychoterapii - O\u015brodek Kszta\u0142towania Osobowo\u015bci<\/title>\n<meta name=\"description\" content=\"Dowiedz si\u0119, jak psychoterapia i counselling wspieraj\u0105 dobrostan. Przedstawiam naukowo potwierdzone korzy\u015bci terapii dla doros\u0142ych i par.\" \/>\n<meta name=\"robots\" content=\"index, follow, max-snippet:-1, max-image-preview:large, max-video-preview:-1\" \/>\n<link rel=\"canonical\" href=\"https:\/\/sensownie.com\/en\/skutecznosc-psychoterapii\/\" \/>\n<meta property=\"og:locale\" content=\"en_GB\" \/>\n<meta property=\"og:type\" content=\"article\" \/>\n<meta property=\"og:title\" content=\"Skuteczno\u015b\u0107 psychoterapii - O\u015brodek Kszta\u0142towania Osobowo\u015bci\" \/>\n<meta property=\"og:description\" content=\"Dowiedz si\u0119, jak psychoterapia i counselling wspieraj\u0105 dobrostan. Przedstawiam naukowo potwierdzone korzy\u015bci terapii dla doros\u0142ych i par.\" \/>\n<meta property=\"og:url\" content=\"https:\/\/sensownie.com\/en\/skutecznosc-psychoterapii\/\" \/>\n<meta property=\"og:site_name\" content=\"O\u015brodek Kszta\u0142towania Osobowo\u015bci\" \/>\n<meta property=\"article:publisher\" content=\"https:\/\/www.facebook.com\/JacekZaluskiBlog\" \/>\n<meta property=\"article:modified_time\" content=\"2025-04-18T06:36:55+00:00\" \/>\n<meta name=\"twitter:card\" content=\"summary_large_image\" \/>\n<meta name=\"twitter:site\" content=\"@JacekUski\" \/>\n<meta name=\"twitter:label1\" content=\"Estimated reading time\" \/>\n\t<meta name=\"twitter:data1\" content=\"3 minutes\" \/>\n<script type=\"application\/ld+json\" class=\"yoast-schema-graph\">{\"@context\":\"https:\\\/\\\/schema.org\",\"@graph\":[{\"@type\":\"WebPage\",\"@id\":\"https:\\\/\\\/sensownie.com\\\/skutecznosc-psychoterapii\\\/\",\"url\":\"https:\\\/\\\/sensownie.com\\\/skutecznosc-psychoterapii\\\/\",\"name\":\"Skuteczno\u015b\u0107 psychoterapii - O\u015brodek Kszta\u0142towania Osobowo\u015bci\",\"isPartOf\":{\"@id\":\"https:\\\/\\\/sensownie.com\\\/#website\"},\"datePublished\":\"2020-07-25T15:13:00+00:00\",\"dateModified\":\"2025-04-18T06:36:55+00:00\",\"description\":\"Dowiedz si\u0119, jak psychoterapia i counselling wspieraj\u0105 dobrostan. Przedstawiam naukowo potwierdzone korzy\u015bci terapii dla doros\u0142ych i par.\",\"breadcrumb\":{\"@id\":\"https:\\\/\\\/sensownie.com\\\/skutecznosc-psychoterapii\\\/#breadcrumb\"},\"inLanguage\":\"en-GB\",\"potentialAction\":[{\"@type\":\"ReadAction\",\"target\":[\"https:\\\/\\\/sensownie.com\\\/skutecznosc-psychoterapii\\\/\"]}]},{\"@type\":\"BreadcrumbList\",\"@id\":\"https:\\\/\\\/sensownie.com\\\/skutecznosc-psychoterapii\\\/#breadcrumb\",\"itemListElement\":[{\"@type\":\"ListItem\",\"position\":1,\"name\":\"Strona g\u0142\u00f3wna\",\"item\":\"https:\\\/\\\/sensownie.com\\\/\"},{\"@type\":\"ListItem\",\"position\":2,\"name\":\"Skuteczno\u015b\u0107 psychoterapii\"}]},{\"@type\":\"WebSite\",\"@id\":\"https:\\\/\\\/sensownie.com\\\/#website\",\"url\":\"https:\\\/\\\/sensownie.com\\\/\",\"name\":\"O\u015brodek Kszta\u0142towania Osobowo\u015bci\",\"description\":\"Psychoterapeuta Jacek Za\u0142uski psychoterapia psycholog borderline DBT ACT par ma\u0142\u017ce\u0144ska Warszawa\",\"publisher\":{\"@id\":\"https:\\\/\\\/sensownie.com\\\/#organization\"},\"potentialAction\":[{\"@type\":\"SearchAction\",\"target\":{\"@type\":\"EntryPoint\",\"urlTemplate\":\"https:\\\/\\\/sensownie.com\\\/?s={search_term_string}\"},\"query-input\":{\"@type\":\"PropertyValueSpecification\",\"valueRequired\":true,\"valueName\":\"search_term_string\"}}],\"inLanguage\":\"en-GB\"},{\"@type\":\"Organization\",\"@id\":\"https:\\\/\\\/sensownie.com\\\/#organization\",\"name\":\"O\u015brodek Kszta\u0142towania Osobowo\u015bci Jacek Za\u0142uski\",\"url\":\"https:\\\/\\\/sensownie.com\\\/\",\"logo\":{\"@type\":\"ImageObject\",\"inLanguage\":\"en-GB\",\"@id\":\"https:\\\/\\\/sensownie.com\\\/#\\\/schema\\\/logo\\\/image\\\/\",\"url\":\"https:\\\/\\\/sensownie.com\\\/wp-content\\\/uploads\\\/2020\\\/07\\\/logo_OKO.jpg\",\"contentUrl\":\"https:\\\/\\\/sensownie.com\\\/wp-content\\\/uploads\\\/2020\\\/07\\\/logo_OKO.jpg\",\"width\":256,\"height\":101,\"caption\":\"O\u015brodek Kszta\u0142towania Osobowo\u015bci Jacek Za\u0142uski\"},\"image\":{\"@id\":\"https:\\\/\\\/sensownie.com\\\/#\\\/schema\\\/logo\\\/image\\\/\"},\"sameAs\":[\"https:\\\/\\\/www.facebook.com\\\/JacekZaluskiBlog\",\"https:\\\/\\\/x.com\\\/JacekUski\",\"https:\\\/\\\/pl.linkedin.com\\\/in\\\/jacek-za\u0142uski\"]}]}<\/script>\n<!-- \/ Yoast SEO plugin. -->","yoast_head_json":{"title":"Skuteczno\u015b\u0107 psychoterapii - O\u015brodek Kszta\u0142towania Osobowo\u015bci","description":"Dowiedz si\u0119, jak psychoterapia i counselling wspieraj\u0105 dobrostan. Przedstawiam naukowo potwierdzone korzy\u015bci terapii dla doros\u0142ych i par.","robots":{"index":"index","follow":"follow","max-snippet":"max-snippet:-1","max-image-preview":"max-image-preview:large","max-video-preview":"max-video-preview:-1"},"canonical":"https:\/\/sensownie.com\/en\/skutecznosc-psychoterapii\/","og_locale":"en_GB","og_type":"article","og_title":"Skuteczno\u015b\u0107 psychoterapii - O\u015brodek Kszta\u0142towania Osobowo\u015bci","og_description":"Dowiedz si\u0119, jak psychoterapia i counselling wspieraj\u0105 dobrostan. Przedstawiam naukowo potwierdzone korzy\u015bci terapii dla doros\u0142ych i par.","og_url":"https:\/\/sensownie.com\/en\/skutecznosc-psychoterapii\/","og_site_name":"O\u015brodek Kszta\u0142towania Osobowo\u015bci","article_publisher":"https:\/\/www.facebook.com\/JacekZaluskiBlog","article_modified_time":"2025-04-18T06:36:55+00:00","twitter_card":"summary_large_image","twitter_site":"@JacekUski","twitter_misc":{"Estimated reading time":"3 minutes"},"schema":{"@context":"https:\/\/schema.org","@graph":[{"@type":"WebPage","@id":"https:\/\/sensownie.com\/skutecznosc-psychoterapii\/","url":"https:\/\/sensownie.com\/skutecznosc-psychoterapii\/","name":"Skuteczno\u015b\u0107 psychoterapii - O\u015brodek Kszta\u0142towania Osobowo\u015bci","isPartOf":{"@id":"https:\/\/sensownie.com\/#website"},"datePublished":"2020-07-25T15:13:00+00:00","dateModified":"2025-04-18T06:36:55+00:00","description":"Dowiedz si\u0119, jak psychoterapia i counselling wspieraj\u0105 dobrostan. Przedstawiam naukowo potwierdzone korzy\u015bci terapii dla doros\u0142ych i par.","breadcrumb":{"@id":"https:\/\/sensownie.com\/skutecznosc-psychoterapii\/#breadcrumb"},"inLanguage":"en-GB","potentialAction":[{"@type":"ReadAction","target":["https:\/\/sensownie.com\/skutecznosc-psychoterapii\/"]}]},{"@type":"BreadcrumbList","@id":"https:\/\/sensownie.com\/skutecznosc-psychoterapii\/#breadcrumb","itemListElement":[{"@type":"ListItem","position":1,"name":"Strona g\u0142\u00f3wna","item":"https:\/\/sensownie.com\/"},{"@type":"ListItem","position":2,"name":"Skuteczno\u015b\u0107 psychoterapii"}]},{"@type":"WebSite","@id":"https:\/\/sensownie.com\/#website","url":"https:\/\/sensownie.com\/","name":"O\u015brodek Kszta\u0142towania Osobowo\u015bci","description":"Psychoterapeuta Jacek Za\u0142uski psychoterapia psycholog borderline DBT ACT par ma\u0142\u017ce\u0144ska Warszawa","publisher":{"@id":"https:\/\/sensownie.com\/#organization"},"potentialAction":[{"@type":"SearchAction","target":{"@type":"EntryPoint","urlTemplate":"https:\/\/sensownie.com\/?s={search_term_string}"},"query-input":{"@type":"PropertyValueSpecification","valueRequired":true,"valueName":"search_term_string"}}],"inLanguage":"en-GB"},{"@type":"Organization","@id":"https:\/\/sensownie.com\/#organization","name":"O\u015brodek Kszta\u0142towania Osobowo\u015bci Jacek Za\u0142uski","url":"https:\/\/sensownie.com\/","logo":{"@type":"ImageObject","inLanguage":"en-GB","@id":"https:\/\/sensownie.com\/#\/schema\/logo\/image\/","url":"https:\/\/sensownie.com\/wp-content\/uploads\/2020\/07\/logo_OKO.jpg","contentUrl":"https:\/\/sensownie.com\/wp-content\/uploads\/2020\/07\/logo_OKO.jpg","width":256,"height":101,"caption":"O\u015brodek Kszta\u0142towania Osobowo\u015bci Jacek Za\u0142uski"},"image":{"@id":"https:\/\/sensownie.com\/#\/schema\/logo\/image\/"},"sameAs":["https:\/\/www.facebook.com\/JacekZaluskiBlog","https:\/\/x.com\/JacekUski","https:\/\/pl.linkedin.com\/in\/jacek-za\u0142uski"]}]}},"_links":{"self":[{"href":"https:\/\/sensownie.com\/en\/wp-json\/wp\/v2\/pages\/19","targetHints":{"allow":["GET"]}}],"collection":[{"href":"https:\/\/sensownie.com\/en\/wp-json\/wp\/v2\/pages"}],"about":[{"href":"https:\/\/sensownie.com\/en\/wp-json\/wp\/v2\/types\/page"}],"author":[{"embeddable":true,"href":"https:\/\/sensownie.com\/en\/wp-json\/wp\/v2\/users\/1"}],"replies":[{"embeddable":true,"href":"https:\/\/sensownie.com\/en\/wp-json\/wp\/v2\/comments?post=19"}],"version-history":[{"count":4,"href":"https:\/\/sensownie.com\/en\/wp-json\/wp\/v2\/pages\/19\/revisions"}],"predecessor-version":[{"id":646,"href":"https:\/\/sensownie.com\/en\/wp-json\/wp\/v2\/pages\/19\/revisions\/646"}],"wp:attachment":[{"href":"https:\/\/sensownie.com\/en\/wp-json\/wp\/v2\/media?parent=19"}],"curies":[{"name":"wp","href":"https:\/\/api.w.org\/{rel}","templated":true}]}}