{"id":16,"date":"2020-07-25T15:12:09","date_gmt":"2020-07-25T15:12:09","guid":{"rendered":"https:\/\/sensownie.com\/?page_id=16"},"modified":"2025-04-15T10:48:22","modified_gmt":"2025-04-15T10:48:22","slug":"proces-terapeutyczny","status":"publish","type":"page","link":"https:\/\/sensownie.com\/en\/proces-terapeutyczny\/","title":{"rendered":"The Therapeutic Process"},"content":{"rendered":"<div id=\"cs-content\" class=\"cs-content\"><\/div>","protected":false},"excerpt":{"rendered":"<p>Podj\u0119cie pracy nad sob\u0105 w ramach psychoterapii to odwa\u017cny krok wymagaj\u0105cy zaanga\u017cowania, cierpliwo\u015bci i otwarto\u015bci. Jest to proces, kt&oacute;ry rozwija si\u0119 w indywidualnym tempie, czasem trwaj\u0105c miesi\u0105ce lub lata, w zale\u017cno\u015bci od Twoich potrzeb i cel&oacute;w. W trakcie terapii mog\u0105 pojawia\u0107 si\u0119 chwile lepszego samopoczucia, gdy odczuwasz ulg\u0119 lub wi\u0119ksz\u0105 klarowno\u015b\u0107, przeplataj\u0105ce si\u0119 z momentami trudniejszymi, gdy wyzwania wydaj\u0105 si\u0119 &#8230; <\/p>\n<div><a href=\"https:\/\/sensownie.com\/en\/proces-terapeutyczny\/\" class=\"more-link\">Read More<\/a><\/div>","protected":false},"author":1,"featured_media":0,"parent":0,"menu_order":0,"comment_status":"closed","ping_status":"closed","template":"","meta":{"rs_blank_template":"","rs_page_bg_color":"#ffffff","slide_template_v7":"","_monsterinsights_skip_tracking":false,"_monsterinsights_sitenote_active":false,"_monsterinsights_sitenote_note":"","_monsterinsights_sitenote_category":0,"footnotes":""},"class_list":["post-16","page","type-page","status-publish","hentry","no-post-thumbnail"],"yoast_head":"<!-- This site is optimized with the Yoast SEO plugin v27.4 - https:\/\/yoast.com\/product\/yoast-seo-wordpress\/ -->\n<title>Proces terapeutyczny - O\u015brodek Kszta\u0142towania Osobowo\u015bci<\/title>\n<meta name=\"description\" content=\"Poznaj proces psychoterapii \u2013 empatyczne wsparcie w drodze do samo\u015bwiadomo\u015bci i dobrostanu. Odkryj, jak terapia mo\u017ce Ci pom\u00f3c \u017cy\u0107 pe\u0142niej.\" \/>\n<meta name=\"robots\" content=\"index, follow, max-snippet:-1, max-image-preview:large, max-video-preview:-1\" \/>\n<link rel=\"canonical\" href=\"https:\/\/sensownie.com\/en\/proces-terapeutyczny\/\" \/>\n<meta property=\"og:locale\" content=\"en_GB\" \/>\n<meta property=\"og:type\" content=\"article\" \/>\n<meta property=\"og:title\" content=\"Proces terapeutyczny - O\u015brodek Kszta\u0142towania Osobowo\u015bci\" \/>\n<meta property=\"og:description\" content=\"Poznaj proces psychoterapii \u2013 empatyczne wsparcie w drodze do samo\u015bwiadomo\u015bci i dobrostanu. Odkryj, jak terapia mo\u017ce Ci pom\u00f3c \u017cy\u0107 pe\u0142niej.\" \/>\n<meta property=\"og:url\" content=\"https:\/\/sensownie.com\/en\/proces-terapeutyczny\/\" \/>\n<meta property=\"og:site_name\" content=\"O\u015brodek Kszta\u0142towania Osobowo\u015bci\" \/>\n<meta property=\"article:publisher\" content=\"https:\/\/www.facebook.com\/JacekZaluskiBlog\" \/>\n<meta property=\"article:modified_time\" content=\"2025-04-15T10:48:22+00:00\" \/>\n<meta name=\"twitter:card\" content=\"summary_large_image\" \/>\n<meta name=\"twitter:site\" content=\"@JacekUski\" \/>\n<meta name=\"twitter:label1\" content=\"Estimated reading time\" \/>\n\t<meta name=\"twitter:data1\" content=\"3 minutes\" \/>\n<script type=\"application\/ld+json\" class=\"yoast-schema-graph\">{\"@context\":\"https:\\\/\\\/schema.org\",\"@graph\":[{\"@type\":\"WebPage\",\"@id\":\"https:\\\/\\\/sensownie.com\\\/proces-terapeutyczny\\\/\",\"url\":\"https:\\\/\\\/sensownie.com\\\/proces-terapeutyczny\\\/\",\"name\":\"Proces terapeutyczny - O\u015brodek Kszta\u0142towania Osobowo\u015bci\",\"isPartOf\":{\"@id\":\"https:\\\/\\\/sensownie.com\\\/#website\"},\"datePublished\":\"2020-07-25T15:12:09+00:00\",\"dateModified\":\"2025-04-15T10:48:22+00:00\",\"description\":\"Poznaj proces psychoterapii \u2013 empatyczne wsparcie w drodze do samo\u015bwiadomo\u015bci i dobrostanu. Odkryj, jak terapia mo\u017ce Ci pom\u00f3c \u017cy\u0107 pe\u0142niej.\",\"breadcrumb\":{\"@id\":\"https:\\\/\\\/sensownie.com\\\/proces-terapeutyczny\\\/#breadcrumb\"},\"inLanguage\":\"en-GB\",\"potentialAction\":[{\"@type\":\"ReadAction\",\"target\":[\"https:\\\/\\\/sensownie.com\\\/proces-terapeutyczny\\\/\"]}]},{\"@type\":\"BreadcrumbList\",\"@id\":\"https:\\\/\\\/sensownie.com\\\/proces-terapeutyczny\\\/#breadcrumb\",\"itemListElement\":[{\"@type\":\"ListItem\",\"position\":1,\"name\":\"Strona g\u0142\u00f3wna\",\"item\":\"https:\\\/\\\/sensownie.com\\\/\"},{\"@type\":\"ListItem\",\"position\":2,\"name\":\"Proces terapeutyczny\"}]},{\"@type\":\"WebSite\",\"@id\":\"https:\\\/\\\/sensownie.com\\\/#website\",\"url\":\"https:\\\/\\\/sensownie.com\\\/\",\"name\":\"O\u015brodek Kszta\u0142towania Osobowo\u015bci\",\"description\":\"Psychoterapeuta Jacek Za\u0142uski psychoterapia psycholog borderline DBT ACT par ma\u0142\u017ce\u0144ska Warszawa\",\"publisher\":{\"@id\":\"https:\\\/\\\/sensownie.com\\\/#organization\"},\"potentialAction\":[{\"@type\":\"SearchAction\",\"target\":{\"@type\":\"EntryPoint\",\"urlTemplate\":\"https:\\\/\\\/sensownie.com\\\/?s={search_term_string}\"},\"query-input\":{\"@type\":\"PropertyValueSpecification\",\"valueRequired\":true,\"valueName\":\"search_term_string\"}}],\"inLanguage\":\"en-GB\"},{\"@type\":\"Organization\",\"@id\":\"https:\\\/\\\/sensownie.com\\\/#organization\",\"name\":\"O\u015brodek Kszta\u0142towania Osobowo\u015bci Jacek Za\u0142uski\",\"url\":\"https:\\\/\\\/sensownie.com\\\/\",\"logo\":{\"@type\":\"ImageObject\",\"inLanguage\":\"en-GB\",\"@id\":\"https:\\\/\\\/sensownie.com\\\/#\\\/schema\\\/logo\\\/image\\\/\",\"url\":\"https:\\\/\\\/sensownie.com\\\/wp-content\\\/uploads\\\/2020\\\/07\\\/logo_OKO.jpg\",\"contentUrl\":\"https:\\\/\\\/sensownie.com\\\/wp-content\\\/uploads\\\/2020\\\/07\\\/logo_OKO.jpg\",\"width\":256,\"height\":101,\"caption\":\"O\u015brodek Kszta\u0142towania Osobowo\u015bci Jacek Za\u0142uski\"},\"image\":{\"@id\":\"https:\\\/\\\/sensownie.com\\\/#\\\/schema\\\/logo\\\/image\\\/\"},\"sameAs\":[\"https:\\\/\\\/www.facebook.com\\\/JacekZaluskiBlog\",\"https:\\\/\\\/x.com\\\/JacekUski\",\"https:\\\/\\\/pl.linkedin.com\\\/in\\\/jacek-za\u0142uski\"]}]}<\/script>\n<!-- \/ Yoast SEO plugin. -->","yoast_head_json":{"title":"Proces terapeutyczny - O\u015brodek Kszta\u0142towania Osobowo\u015bci","description":"Poznaj proces psychoterapii \u2013 empatyczne wsparcie w drodze do samo\u015bwiadomo\u015bci i dobrostanu. Odkryj, jak terapia mo\u017ce Ci pom\u00f3c \u017cy\u0107 pe\u0142niej.","robots":{"index":"index","follow":"follow","max-snippet":"max-snippet:-1","max-image-preview":"max-image-preview:large","max-video-preview":"max-video-preview:-1"},"canonical":"https:\/\/sensownie.com\/en\/proces-terapeutyczny\/","og_locale":"en_GB","og_type":"article","og_title":"Proces terapeutyczny - O\u015brodek Kszta\u0142towania Osobowo\u015bci","og_description":"Poznaj proces psychoterapii \u2013 empatyczne wsparcie w drodze do samo\u015bwiadomo\u015bci i dobrostanu. Odkryj, jak terapia mo\u017ce Ci pom\u00f3c \u017cy\u0107 pe\u0142niej.","og_url":"https:\/\/sensownie.com\/en\/proces-terapeutyczny\/","og_site_name":"O\u015brodek Kszta\u0142towania Osobowo\u015bci","article_publisher":"https:\/\/www.facebook.com\/JacekZaluskiBlog","article_modified_time":"2025-04-15T10:48:22+00:00","twitter_card":"summary_large_image","twitter_site":"@JacekUski","twitter_misc":{"Estimated reading time":"3 minutes"},"schema":{"@context":"https:\/\/schema.org","@graph":[{"@type":"WebPage","@id":"https:\/\/sensownie.com\/proces-terapeutyczny\/","url":"https:\/\/sensownie.com\/proces-terapeutyczny\/","name":"Proces terapeutyczny - O\u015brodek Kszta\u0142towania Osobowo\u015bci","isPartOf":{"@id":"https:\/\/sensownie.com\/#website"},"datePublished":"2020-07-25T15:12:09+00:00","dateModified":"2025-04-15T10:48:22+00:00","description":"Poznaj proces psychoterapii \u2013 empatyczne wsparcie w drodze do samo\u015bwiadomo\u015bci i dobrostanu. Odkryj, jak terapia mo\u017ce Ci pom\u00f3c \u017cy\u0107 pe\u0142niej.","breadcrumb":{"@id":"https:\/\/sensownie.com\/proces-terapeutyczny\/#breadcrumb"},"inLanguage":"en-GB","potentialAction":[{"@type":"ReadAction","target":["https:\/\/sensownie.com\/proces-terapeutyczny\/"]}]},{"@type":"BreadcrumbList","@id":"https:\/\/sensownie.com\/proces-terapeutyczny\/#breadcrumb","itemListElement":[{"@type":"ListItem","position":1,"name":"Strona g\u0142\u00f3wna","item":"https:\/\/sensownie.com\/"},{"@type":"ListItem","position":2,"name":"Proces terapeutyczny"}]},{"@type":"WebSite","@id":"https:\/\/sensownie.com\/#website","url":"https:\/\/sensownie.com\/","name":"O\u015brodek Kszta\u0142towania Osobowo\u015bci","description":"Psychoterapeuta Jacek Za\u0142uski psychoterapia psycholog borderline DBT ACT par ma\u0142\u017ce\u0144ska Warszawa","publisher":{"@id":"https:\/\/sensownie.com\/#organization"},"potentialAction":[{"@type":"SearchAction","target":{"@type":"EntryPoint","urlTemplate":"https:\/\/sensownie.com\/?s={search_term_string}"},"query-input":{"@type":"PropertyValueSpecification","valueRequired":true,"valueName":"search_term_string"}}],"inLanguage":"en-GB"},{"@type":"Organization","@id":"https:\/\/sensownie.com\/#organization","name":"O\u015brodek Kszta\u0142towania Osobowo\u015bci Jacek Za\u0142uski","url":"https:\/\/sensownie.com\/","logo":{"@type":"ImageObject","inLanguage":"en-GB","@id":"https:\/\/sensownie.com\/#\/schema\/logo\/image\/","url":"https:\/\/sensownie.com\/wp-content\/uploads\/2020\/07\/logo_OKO.jpg","contentUrl":"https:\/\/sensownie.com\/wp-content\/uploads\/2020\/07\/logo_OKO.jpg","width":256,"height":101,"caption":"O\u015brodek Kszta\u0142towania Osobowo\u015bci Jacek Za\u0142uski"},"image":{"@id":"https:\/\/sensownie.com\/#\/schema\/logo\/image\/"},"sameAs":["https:\/\/www.facebook.com\/JacekZaluskiBlog","https:\/\/x.com\/JacekUski","https:\/\/pl.linkedin.com\/in\/jacek-za\u0142uski"]}]}},"_links":{"self":[{"href":"https:\/\/sensownie.com\/en\/wp-json\/wp\/v2\/pages\/16","targetHints":{"allow":["GET"]}}],"collection":[{"href":"https:\/\/sensownie.com\/en\/wp-json\/wp\/v2\/pages"}],"about":[{"href":"https:\/\/sensownie.com\/en\/wp-json\/wp\/v2\/types\/page"}],"author":[{"embeddable":true,"href":"https:\/\/sensownie.com\/en\/wp-json\/wp\/v2\/users\/1"}],"replies":[{"embeddable":true,"href":"https:\/\/sensownie.com\/en\/wp-json\/wp\/v2\/comments?post=16"}],"version-history":[{"count":3,"href":"https:\/\/sensownie.com\/en\/wp-json\/wp\/v2\/pages\/16\/revisions"}],"predecessor-version":[{"id":602,"href":"https:\/\/sensownie.com\/en\/wp-json\/wp\/v2\/pages\/16\/revisions\/602"}],"wp:attachment":[{"href":"https:\/\/sensownie.com\/en\/wp-json\/wp\/v2\/media?parent=16"}],"curies":[{"name":"wp","href":"https:\/\/api.w.org\/{rel}","templated":true}]}}