{"id":12,"date":"2020-07-25T15:11:06","date_gmt":"2020-07-25T15:11:06","guid":{"rendered":"https:\/\/sensownie.com\/?page_id=12"},"modified":"2025-04-15T10:34:37","modified_gmt":"2025-04-15T10:34:37","slug":"psychoterapia","status":"publish","type":"page","link":"https:\/\/sensownie.com\/en\/psychoterapia\/","title":{"rendered":"Psychotherapy"},"content":{"rendered":"<div id=\"cs-content\" class=\"cs-content\"><div class=\"x-section e12-e1 mc-0\"><div class=\"x-row x-container max width e12-e2 mc-1 mc-3 mc-4\"><div class=\"x-row-inner\"><div class=\"x-col e12-e3 mc-6\"><div class=\"x-text x-content e12-e4 mc-7\"><div>\n<p class=\"break-words\" dir=\"auto\">Psychotherapy is a unique form of psychological support based on regular, confidential sessions with a psychotherapist, which help you better understand yourself and find balance. This process is tailored to your individual needs \u2014 depending on your situation, it may involve just a few sessions or last longer (from several months to several years), typically at a pace of one 45-minute session per week, conducted in an atmosphere of safety and acceptance.<\/p>\n<p class=\"break-words\" dir=\"auto\">With over 20 years of experience as a psychotherapist, initially rooted in the Gestalt tradition, I currently work in an integrative manner, combining methods grounded in robust scientific evidence. I utilize approaches such as Acceptance and Commitment Therapy (<span style=\"color: #000080;\"><strong><a style=\"color: #000080;\" href=\"https:\/\/sensownie.com\/en\/terapia-act\/\">ACT<\/a><\/strong><\/span>), Dialectical Behavior Therapy (<span style=\"color: #000080;\"><strong><a style=\"color: #000080;\" href=\"https:\/\/sensownie.com\/en\/dbt\/\">DBT<\/a><\/strong><\/span>), Cognitive Behavioral Therapy (<span style=\"color: #000080;\"><strong><a style=\"color: #000080;\" href=\"https:\/\/pl.wikipedia.org\/wiki\/Psychoterapia_poznawczo-behawioralna\">CBT<\/a><\/strong><\/span>) oraz <span style=\"color: #000080;\"><strong><a style=\"color: #000080;\" href=\"https:\/\/sensownie.com\/en\/psychologia-pozytywna\/\">positive psychology<\/a><\/strong><\/span>to support clients in achieving well-being and reaching their full potential.<\/p>\n<p class=\"break-words\" dir=\"auto\">In couples therapy, I rely on recognized methods such as Integrative Behavioral Couples Therapy (<span style=\"color: #000080;\"><a style=\"color: #000080;\" href=\"https:\/\/en.wikipedia.org\/wiki\/Integrative_behavioral_couples_therapy\"><strong>IBCT<\/strong><\/a><\/span>), ACT, and <span style=\"color: #000080;\"><strong><a style=\"color: #000080;\" href=\"https:\/\/www.gottman.com\/\">the research of Prof. John Gottman<\/a><\/strong><\/span>, helping to build healthy, harmonious relationships. My work is regularly supervised by a certified supervisor from the Polish Psychological Association, which guarantees the highest ethical and professional standards.<\/p>\n<p class=\"break-words\" dir=\"auto\"><strong>Counselling \u2013 Support for Everyday Challenges<\/strong><br \/>Counselling, also known as psychological counseling, is a form of support particularly valued in international settings. It focuses on providing guidance through the difficulties of everyday life, supporting personal growth, and improving quality of life. Unlike psychotherapy, which may focus on specific disorders, counseling helps in situations of confusion, stress, or a desire for self-actualization, offering a space for reflection and growth.<\/p>\n<p class=\"break-words\" dir=\"auto\">I specialize in individual psychotherapy for adults, as well as in couples and relationship therapy (family, friendship, and other relationships), tailoring my approach to the unique needs of each patient.<\/p>\n<p class=\"break-words\" dir=\"auto\"><strong>How to prepare for an online session?<\/strong><br \/>To get the most out of online psychotherapy, it\u2019s important to ensure a comfortable environment. Choose a quiet, private place where you\u2019ll feel safe and at ease for the 45-minute session. Mute your phone, turn off notifications, and make sure your camera, microphone, and internet connection are working perfectly. Have some water and a notepad ready so you can focus on the conversation. These simple steps will help you fully engage in the process.<\/p>\n<p class=\"break-words\" dir=\"auto\"><strong>An important tip before we begin<\/strong><br \/>Before deciding to pursue psychotherapy, I encourage you to consult with a doctor to rule out potential somatic causes, such as hormonal imbalances or vitamin deficiencies, which may be affecting your well-being. Tests, such as blood work, can provide valuable insights and help in precisely planning your support.<\/p>\n<p class=\"break-words\" dir=\"auto\">I am here to accompany you on this journey with empathy and professionalism. Please feel free to contact me to discuss how I can support you in achieving harmony and a fulfilling life.<\/p>\n<\/div><\/div><\/div><\/div><\/div><div class=\"x-row x-container max width e12-e5 mc-1 mc-2 mc-3 mc-5\"><div class=\"x-row-inner\"><div class=\"x-col e12-e6 mc-6\"><a class=\"x-anchor x-anchor-button has-graphic e12-e7 mc-8\" tabindex=\"0\" href=\"https:\/\/oko.setmore.com\/\"><div class=\"x-anchor-content\"><span class=\"x-graphic\" aria-hidden=\"true\"><i class=\"x-icon x-graphic-child x-graphic-icon x-graphic-primary\" aria-hidden=\"true\" data-x-icon-s=\"&#xf25a;\"><\/i><\/span><div class=\"x-anchor-text\"><span class=\"x-anchor-text-primary\">Schedule an online consultation<\/span><\/div><\/div><\/a><\/div><\/div><\/div><\/div><\/div>","protected":false},"excerpt":{"rendered":"<p>Psychoterapia to wyj\u0105tkowa forma wsparcia psychologicznego, oparta na regularnych, poufnych spotkaniach z psychoterapeut\u0105, kt&oacute;re pomagaj\u0105 lepiej zrozumie\u0107 siebie i odnale\u017a\u0107 r&oacute;wnowag\u0119. Proces ten jest indywidualnie dopasowany &ndash; w zale\u017cno\u015bci od Twoich potrzeb mo\u017ce obejmowa\u0107 kilka sesji lub trwa\u0107 d\u0142u\u017cej (kilka miesi\u0119cy do kilku lat), zazwyczaj w rytmie jednej 45-minutowej sesji tygodniowo, prowadzonej w atmosferze bezpiecze\u0144stwa i akceptacji. Z ponad 20-letnim &#8230; <\/p>\n<div><a href=\"https:\/\/sensownie.com\/en\/psychoterapia\/\" class=\"more-link\">Read More<\/a><\/div>","protected":false},"author":1,"featured_media":0,"parent":0,"menu_order":0,"comment_status":"closed","ping_status":"closed","template":"","meta":{"rs_blank_template":"","rs_page_bg_color":"#ffffff","slide_template_v7":"","_monsterinsights_skip_tracking":false,"_monsterinsights_sitenote_active":false,"_monsterinsights_sitenote_note":"","_monsterinsights_sitenote_category":0,"footnotes":""},"class_list":["post-12","page","type-page","status-publish","hentry","no-post-thumbnail"],"yoast_head":"<!-- This site is optimized with the Yoast SEO plugin v27.4 - https:\/\/yoast.com\/product\/yoast-seo-wordpress\/ -->\n<title>Psychoterapia - O\u015brodek Kszta\u0142towania Osobowo\u015bci<\/title>\n<meta name=\"description\" content=\"Profesjonalna psychoterapia online dla doros\u0142ych zmagaj\u0105cych si\u0119 z wyzwaniami emocjonalnymi, zawodowymi i osobistymi. Wsparcie dla Ciebie.\" \/>\n<meta name=\"robots\" content=\"index, follow, max-snippet:-1, max-image-preview:large, max-video-preview:-1\" \/>\n<link rel=\"canonical\" href=\"https:\/\/sensownie.com\/en\/psychoterapia\/\" \/>\n<meta property=\"og:locale\" content=\"en_GB\" \/>\n<meta property=\"og:type\" content=\"article\" \/>\n<meta property=\"og:title\" content=\"Psychoterapia - O\u015brodek Kszta\u0142towania Osobowo\u015bci\" \/>\n<meta property=\"og:description\" content=\"Profesjonalna psychoterapia online dla doros\u0142ych zmagaj\u0105cych si\u0119 z wyzwaniami emocjonalnymi, zawodowymi i osobistymi. Wsparcie dla Ciebie.\" \/>\n<meta property=\"og:url\" content=\"https:\/\/sensownie.com\/en\/psychoterapia\/\" \/>\n<meta property=\"og:site_name\" content=\"O\u015brodek Kszta\u0142towania Osobowo\u015bci\" \/>\n<meta property=\"article:publisher\" content=\"https:\/\/www.facebook.com\/JacekZaluskiBlog\" \/>\n<meta property=\"article:modified_time\" content=\"2025-04-15T10:34:37+00:00\" \/>\n<meta name=\"twitter:card\" content=\"summary_large_image\" \/>\n<meta name=\"twitter:site\" content=\"@JacekUski\" \/>\n<meta name=\"twitter:label1\" content=\"Estimated reading time\" \/>\n\t<meta name=\"twitter:data1\" content=\"5 minutes\" \/>\n<script type=\"application\/ld+json\" class=\"yoast-schema-graph\">{\"@context\":\"https:\\\/\\\/schema.org\",\"@graph\":[{\"@type\":\"WebPage\",\"@id\":\"https:\\\/\\\/sensownie.com\\\/psychoterapia\\\/\",\"url\":\"https:\\\/\\\/sensownie.com\\\/psychoterapia\\\/\",\"name\":\"Psychoterapia - O\u015brodek Kszta\u0142towania Osobowo\u015bci\",\"isPartOf\":{\"@id\":\"https:\\\/\\\/sensownie.com\\\/#website\"},\"datePublished\":\"2020-07-25T15:11:06+00:00\",\"dateModified\":\"2025-04-15T10:34:37+00:00\",\"description\":\"Profesjonalna psychoterapia online dla doros\u0142ych zmagaj\u0105cych si\u0119 z wyzwaniami emocjonalnymi, zawodowymi i osobistymi. Wsparcie dla Ciebie.\",\"breadcrumb\":{\"@id\":\"https:\\\/\\\/sensownie.com\\\/psychoterapia\\\/#breadcrumb\"},\"inLanguage\":\"en-GB\",\"potentialAction\":[{\"@type\":\"ReadAction\",\"target\":[\"https:\\\/\\\/sensownie.com\\\/psychoterapia\\\/\"]}]},{\"@type\":\"BreadcrumbList\",\"@id\":\"https:\\\/\\\/sensownie.com\\\/psychoterapia\\\/#breadcrumb\",\"itemListElement\":[{\"@type\":\"ListItem\",\"position\":1,\"name\":\"Strona g\u0142\u00f3wna\",\"item\":\"https:\\\/\\\/sensownie.com\\\/\"},{\"@type\":\"ListItem\",\"position\":2,\"name\":\"Psychoterapia\"}]},{\"@type\":\"WebSite\",\"@id\":\"https:\\\/\\\/sensownie.com\\\/#website\",\"url\":\"https:\\\/\\\/sensownie.com\\\/\",\"name\":\"O\u015brodek Kszta\u0142towania Osobowo\u015bci\",\"description\":\"Psychoterapeuta Jacek Za\u0142uski psychoterapia psycholog borderline DBT ACT par ma\u0142\u017ce\u0144ska Warszawa\",\"publisher\":{\"@id\":\"https:\\\/\\\/sensownie.com\\\/#organization\"},\"potentialAction\":[{\"@type\":\"SearchAction\",\"target\":{\"@type\":\"EntryPoint\",\"urlTemplate\":\"https:\\\/\\\/sensownie.com\\\/?s={search_term_string}\"},\"query-input\":{\"@type\":\"PropertyValueSpecification\",\"valueRequired\":true,\"valueName\":\"search_term_string\"}}],\"inLanguage\":\"en-GB\"},{\"@type\":\"Organization\",\"@id\":\"https:\\\/\\\/sensownie.com\\\/#organization\",\"name\":\"O\u015brodek Kszta\u0142towania Osobowo\u015bci Jacek Za\u0142uski\",\"url\":\"https:\\\/\\\/sensownie.com\\\/\",\"logo\":{\"@type\":\"ImageObject\",\"inLanguage\":\"en-GB\",\"@id\":\"https:\\\/\\\/sensownie.com\\\/#\\\/schema\\\/logo\\\/image\\\/\",\"url\":\"https:\\\/\\\/sensownie.com\\\/wp-content\\\/uploads\\\/2020\\\/07\\\/logo_OKO.jpg\",\"contentUrl\":\"https:\\\/\\\/sensownie.com\\\/wp-content\\\/uploads\\\/2020\\\/07\\\/logo_OKO.jpg\",\"width\":256,\"height\":101,\"caption\":\"O\u015brodek Kszta\u0142towania Osobowo\u015bci Jacek Za\u0142uski\"},\"image\":{\"@id\":\"https:\\\/\\\/sensownie.com\\\/#\\\/schema\\\/logo\\\/image\\\/\"},\"sameAs\":[\"https:\\\/\\\/www.facebook.com\\\/JacekZaluskiBlog\",\"https:\\\/\\\/x.com\\\/JacekUski\",\"https:\\\/\\\/pl.linkedin.com\\\/in\\\/jacek-za\u0142uski\"]}]}<\/script>\n<!-- \/ Yoast SEO plugin. -->","yoast_head_json":{"title":"Psychoterapia - O\u015brodek Kszta\u0142towania Osobowo\u015bci","description":"Profesjonalna psychoterapia online dla doros\u0142ych zmagaj\u0105cych si\u0119 z wyzwaniami emocjonalnymi, zawodowymi i osobistymi. Wsparcie dla Ciebie.","robots":{"index":"index","follow":"follow","max-snippet":"max-snippet:-1","max-image-preview":"max-image-preview:large","max-video-preview":"max-video-preview:-1"},"canonical":"https:\/\/sensownie.com\/en\/psychoterapia\/","og_locale":"en_GB","og_type":"article","og_title":"Psychoterapia - O\u015brodek Kszta\u0142towania Osobowo\u015bci","og_description":"Profesjonalna psychoterapia online dla doros\u0142ych zmagaj\u0105cych si\u0119 z wyzwaniami emocjonalnymi, zawodowymi i osobistymi. Wsparcie dla Ciebie.","og_url":"https:\/\/sensownie.com\/en\/psychoterapia\/","og_site_name":"O\u015brodek Kszta\u0142towania Osobowo\u015bci","article_publisher":"https:\/\/www.facebook.com\/JacekZaluskiBlog","article_modified_time":"2025-04-15T10:34:37+00:00","twitter_card":"summary_large_image","twitter_site":"@JacekUski","twitter_misc":{"Estimated reading time":"5 minutes"},"schema":{"@context":"https:\/\/schema.org","@graph":[{"@type":"WebPage","@id":"https:\/\/sensownie.com\/psychoterapia\/","url":"https:\/\/sensownie.com\/psychoterapia\/","name":"Psychoterapia - O\u015brodek Kszta\u0142towania Osobowo\u015bci","isPartOf":{"@id":"https:\/\/sensownie.com\/#website"},"datePublished":"2020-07-25T15:11:06+00:00","dateModified":"2025-04-15T10:34:37+00:00","description":"Profesjonalna psychoterapia online dla doros\u0142ych zmagaj\u0105cych si\u0119 z wyzwaniami emocjonalnymi, zawodowymi i osobistymi. Wsparcie dla Ciebie.","breadcrumb":{"@id":"https:\/\/sensownie.com\/psychoterapia\/#breadcrumb"},"inLanguage":"en-GB","potentialAction":[{"@type":"ReadAction","target":["https:\/\/sensownie.com\/psychoterapia\/"]}]},{"@type":"BreadcrumbList","@id":"https:\/\/sensownie.com\/psychoterapia\/#breadcrumb","itemListElement":[{"@type":"ListItem","position":1,"name":"Strona g\u0142\u00f3wna","item":"https:\/\/sensownie.com\/"},{"@type":"ListItem","position":2,"name":"Psychoterapia"}]},{"@type":"WebSite","@id":"https:\/\/sensownie.com\/#website","url":"https:\/\/sensownie.com\/","name":"O\u015brodek Kszta\u0142towania Osobowo\u015bci","description":"Psychoterapeuta Jacek Za\u0142uski psychoterapia psycholog borderline DBT ACT par ma\u0142\u017ce\u0144ska Warszawa","publisher":{"@id":"https:\/\/sensownie.com\/#organization"},"potentialAction":[{"@type":"SearchAction","target":{"@type":"EntryPoint","urlTemplate":"https:\/\/sensownie.com\/?s={search_term_string}"},"query-input":{"@type":"PropertyValueSpecification","valueRequired":true,"valueName":"search_term_string"}}],"inLanguage":"en-GB"},{"@type":"Organization","@id":"https:\/\/sensownie.com\/#organization","name":"O\u015brodek Kszta\u0142towania Osobowo\u015bci Jacek Za\u0142uski","url":"https:\/\/sensownie.com\/","logo":{"@type":"ImageObject","inLanguage":"en-GB","@id":"https:\/\/sensownie.com\/#\/schema\/logo\/image\/","url":"https:\/\/sensownie.com\/wp-content\/uploads\/2020\/07\/logo_OKO.jpg","contentUrl":"https:\/\/sensownie.com\/wp-content\/uploads\/2020\/07\/logo_OKO.jpg","width":256,"height":101,"caption":"O\u015brodek Kszta\u0142towania Osobowo\u015bci Jacek Za\u0142uski"},"image":{"@id":"https:\/\/sensownie.com\/#\/schema\/logo\/image\/"},"sameAs":["https:\/\/www.facebook.com\/JacekZaluskiBlog","https:\/\/x.com\/JacekUski","https:\/\/pl.linkedin.com\/in\/jacek-za\u0142uski"]}]}},"_links":{"self":[{"href":"https:\/\/sensownie.com\/en\/wp-json\/wp\/v2\/pages\/12","targetHints":{"allow":["GET"]}}],"collection":[{"href":"https:\/\/sensownie.com\/en\/wp-json\/wp\/v2\/pages"}],"about":[{"href":"https:\/\/sensownie.com\/en\/wp-json\/wp\/v2\/types\/page"}],"author":[{"embeddable":true,"href":"https:\/\/sensownie.com\/en\/wp-json\/wp\/v2\/users\/1"}],"replies":[{"embeddable":true,"href":"https:\/\/sensownie.com\/en\/wp-json\/wp\/v2\/comments?post=12"}],"version-history":[{"count":3,"href":"https:\/\/sensownie.com\/en\/wp-json\/wp\/v2\/pages\/12\/revisions"}],"predecessor-version":[{"id":625,"href":"https:\/\/sensownie.com\/en\/wp-json\/wp\/v2\/pages\/12\/revisions\/625"}],"wp:attachment":[{"href":"https:\/\/sensownie.com\/en\/wp-json\/wp\/v2\/media?parent=12"}],"curies":[{"name":"wp","href":"https:\/\/api.w.org\/{rel}","templated":true}]}}