{"id":10,"date":"2020-07-25T15:10:23","date_gmt":"2020-07-25T15:10:23","guid":{"rendered":"https:\/\/sensownie.com\/?page_id=10"},"modified":"2025-05-20T13:59:28","modified_gmt":"2025-05-20T13:59:28","slug":"o-mnie","status":"publish","type":"page","link":"https:\/\/sensownie.com\/en\/o-mnie\/","title":{"rendered":"About me"},"content":{"rendered":"<div id=\"cs-content\" class=\"cs-content\"><div class=\"x-section e10-e1 ma-0\"><div class=\"x-row x-container max width e10-e2 ma-1 ma-3 ma-4\"><div class=\"x-row-inner\"><div class=\"x-col e10-e3 ma-6\"><span class=\"x-image e10-e4 ma-7\" id=\"Jacek Za\u0142uski \u2013 psychoterapeuta online\"><img decoding=\"async\" src=\"https:\/\/sensownie.com\/wp-content\/uploads\/2025\/03\/IMG_6499-scaled.jpg\" width=\"960\" height=\"1280\" alt=\"Jacek Za\u0142uski \u2013 psychoterapeuta online\" loading=\"lazy\"><\/span><\/div><div class=\"x-col e10-e5 ma-6\"><div id=\"\u201epsychoterapia online\u201d, \u201epsychoterapeuta online\u201d\" class=\"x-text x-content e10-e6 ma-8\"><div class=\"oKdM2c Kzv0Me\">\n<div id=\"h.p_ID_30\" class=\"hJDwNd-AhqUyc-Clt0zb jXK9ad D2fZ2 OjCsFc GNzUNc\">\n<div class=\"jXK9ad-SmKAyb\">\n<div class=\"tyJCtd mGzaTb baZpAe\">\n<p class=\"\" data-start=\"464\" data-end=\"973\">My name is <strong data-start=\"476\" data-end=\"493\">Jacek Za\u0142uski<\/strong>. I am <strong data-start=\"502\" data-end=\"518\">psychologist<\/strong> (University of Silesia in Katowice), an <strong data-start=\"554\" data-end=\"587\">experienced psychotherapist<\/strong> and <strong data-start=\"593\" data-end=\"629\">a Gestalt Counselling Specialist<\/strong>, certified by the <strong><span style=\"color: #000080;\"><a style=\"color: #000080;\" href=\"https:\/\/www.gestalt.haller.krakow.pl\/\">Gestalt Counselling Centre<\/a><\/span><\/strong> in collaboration with the Associazione Italiana di Counselling. I also hold a master\u2019s degree in management from the University of Economics in Katowice, which allows me to better understand the complexity of the challenges faced by leaders, entrepreneurs, and professionals leading busy lives.<\/p>\n<p class=\"\" data-start=\"975\" data-end=\"1393\">For over 20 years, I have been providing <strong data-start=\"1000\" data-end=\"1044\">individual psychotherapy for adults<\/strong> and <strong data-start=\"1050\" data-end=\"1065\">couples therapy<\/strong>, helping my patients develop <strong data-start=\"1100\" data-end=\"1124\">mental resilience<\/strong>, achieve greater inner peace, and better cope with the pressures of their professional and personal lives. My practice is based on the highest ethical and professional standards. I regularly participate in supervision to maintain the quality and effectiveness of the support I provide.<\/p>\n<\/div>\n<\/div>\n<\/div>\n<\/div><\/div><\/div><\/div><\/div><div class=\"x-row x-container max width e10-e7 ma-1 ma-2 ma-3 ma-5\"><div class=\"x-row-inner\"><div class=\"x-col e10-e8 ma-6\"><div id=\"\u201epsychoterapia online\u201d, \u201epsychoterapeuta online\u201d\" class=\"x-text x-content e10-e9 ma-8\"><h6 data-start=\"1400\" data-end=\"1430\"><strong data-start=\"1404\" data-end=\"1430\">Professional experience<\/strong><\/h6>\n<ul data-start=\"1432\" data-end=\"2078\">\n<li class=\"\" data-start=\"1432\" data-end=\"1597\">\n<p class=\"\" data-start=\"1434\" data-end=\"1597\">I have many years of teaching experience \u2014 I have taught psychology and management at institutions including SWPS University in Warsaw and Kozminski University.<\/p>\n<\/li>\n<li class=\"\" data-start=\"1598\" data-end=\"1793\">\n<p class=\"\" data-start=\"1600\" data-end=\"1793\">I have conducted research on <strong data-start=\"1632\" data-end=\"1656\">stress resistance<\/strong>, the role of social support in coping with difficulties, and <strong data-start=\"1725\" data-end=\"1750\">positive psychology<\/strong> in the context of workplace well-being.<\/p>\n<\/li>\n<li class=\"\" data-start=\"1794\" data-end=\"2078\">\n<p class=\"\" data-start=\"1796\" data-end=\"2078\">I am a co-founder of the <a href=\"https:\/\/ptpp.org.pl\/\"><strong data-start=\"1821\" data-end=\"1869\"><span style=\"color: #000080;\">Polish Society of Positive Psychology<\/span><\/strong><\/a>, a regular member of the <strong><span style=\"color: #000080;\"><a style=\"color: #000080;\" href=\"https:\/\/psych.org.pl\/\" target=\"_blank\" rel=\"noopener\">Polish Psychological Association<\/a><\/span><\/strong>, <span style=\"color: #000080;\"><a style=\"color: #000080;\" href=\"https:\/\/www.pttpb.pl\/\"><strong data-start=\"1881\" data-end=\"1941\">Polish Society for Cognitive and Behavioural Therapy<\/strong><\/a><\/span>, as well as a member of the <span style=\"color: #000080;\"><a style=\"color: #000080;\" href=\"https:\/\/contextualscience.org\/\"><strong data-start=\"1961\" data-end=\"2017\">Association for Contextual Behavioural Science (ACBS)<\/strong><\/a><\/span> and a co-founder of its Polish branch \u2013 <a href=\"https:\/\/acbs.pl\"><strong data-start=\"2062\" data-end=\"2077\"><span style=\"color: #000080;\">ACBS Poland<\/span><\/strong><\/a>.<\/p>\n<\/li>\n<\/ul>\n<h6 data-start=\"2085\" data-end=\"2116\"><strong data-start=\"2089\" data-end=\"2116\">Therapeutic approach<\/strong><\/h6>\n<p class=\"\" data-start=\"2118\" data-end=\"2384\">In therapeutic work, I integrate various approaches: <strong data-start=\"2169\" data-end=\"2180\">Gestalt<\/strong>, <strong data-start=\"2182\" data-end=\"2222\">Cognitive Behavioural Therapy (CBT), Acceptance and Commitment Therapy (ACT), Dialectical Behavioural Therapy (DBT) <\/strong>and elements <strong data-start=\"2237\" data-end=\"2263\">positive psychology<\/strong>. I tailor each process individually to the patient\u2019s needs, taking into account their life situation, personality, and goals.<\/p>\n<p class=\"\" data-start=\"2386\" data-end=\"2730\">As an online psychotherapist, I understand how important <strong data-start=\"2453\" data-end=\"2493\">discretion, flexibility and availability<\/strong>are. Online psychotherapy allows for regular contact without the need to travel, from anywhere in Poland or abroad. This solution is particularly valued by people with busy schedules who hold positions of professional responsibility.<\/p>\n<p class=\"\" data-start=\"2386\" data-end=\"2730\">You can read some <strong>reviews<\/strong> about my work below:<\/p>\n<p class=\"\" data-start=\"2386\" data-end=\"2730\"><div id='gallery-1' class='gallery galleryid-10 gallery-columns-3 gallery-size-thumbnail'><dl class='gallery-item'>\n\t\t\t<dt class='gallery-icon landscape'>\n\t\t\t\t<a href='https:\/\/sensownie.com\/en\/opinie_zl_1_enhanced\/'><img loading=\"lazy\" decoding=\"async\" width=\"150\" height=\"150\" src=\"https:\/\/sensownie.com\/wp-content\/uploads\/2025\/04\/opinie_ZL_1_enhanced-150x150.png\" class=\"attachment-thumbnail size-thumbnail\" alt=\"\" srcset=\"https:\/\/sensownie.com\/wp-content\/uploads\/2025\/04\/opinie_ZL_1_enhanced-150x150.png 150w, https:\/\/sensownie.com\/wp-content\/uploads\/2025\/04\/opinie_ZL_1_enhanced-500x500.png 500w, https:\/\/sensownie.com\/wp-content\/uploads\/2025\/04\/opinie_ZL_1_enhanced-1000x1000.png 1000w\" sizes=\"auto, (max-width: 150px) 100vw, 150px\" \/><\/a>\n\t\t\t<\/dt><\/dl><dl class='gallery-item'>\n\t\t\t<dt class='gallery-icon landscape'>\n\t\t\t\t<a href='https:\/\/sensownie.com\/en\/opinie_zl_2_enhanced\/'><img loading=\"lazy\" decoding=\"async\" width=\"150\" height=\"150\" src=\"https:\/\/sensownie.com\/wp-content\/uploads\/2025\/04\/opinie_ZL_2_enhanced-150x150.png\" class=\"attachment-thumbnail size-thumbnail\" alt=\"\" srcset=\"https:\/\/sensownie.com\/wp-content\/uploads\/2025\/04\/opinie_ZL_2_enhanced-150x150.png 150w, https:\/\/sensownie.com\/wp-content\/uploads\/2025\/04\/opinie_ZL_2_enhanced-500x500.png 500w, https:\/\/sensownie.com\/wp-content\/uploads\/2025\/04\/opinie_ZL_2_enhanced-1000x1000.png 1000w\" sizes=\"auto, (max-width: 150px) 100vw, 150px\" \/><\/a>\n\t\t\t<\/dt><\/dl>\n\t\t\t\n\t\t<\/div>\n<\/p>\n<h6 data-start=\"2737\" data-end=\"2766\"><strong data-start=\"2741\" data-end=\"2766\">Feel free to contact me<\/strong><\/h6>\n<p class=\"\" data-start=\"2768\" data-end=\"2980\">If you are looking <strong data-start=\"2782\" data-end=\"2821\">professional online psychotherapy<\/strong>, conducted in a discreet and comfortable setting, please <span style=\"color: #003366;\"><a style=\"color: #003366;\" href=\"https:\/\/sensownie.com\/en\/kontakt\/\"><span style=\"color: #000080;\"><strong>contact me<\/strong><\/span><\/a><\/span>.<\/p><\/div><a class=\"x-anchor x-anchor-button has-graphic e10-e10 ma-9\" tabindex=\"0\" href=\"https:\/\/oko.setmore.com\/\"><div class=\"x-anchor-content\"><span class=\"x-graphic\" aria-hidden=\"true\"><i class=\"x-icon x-graphic-child x-graphic-icon x-graphic-primary\" aria-hidden=\"true\" data-x-icon-s=\"&#xf25a;\"><\/i><\/span><div class=\"x-anchor-text\"><span class=\"x-anchor-text-primary\">Schedule an online consultation<\/span><\/div><\/div><\/a><\/div><\/div><\/div><\/div><\/div>","protected":false},"excerpt":{"rendered":"<p>Nazywam si\u0119 Jacek Za\u0142uski. Jestem psychologiem (Uniwersytet \u015al\u0105ski w Katowicach), do\u015bwiadczonym psychoterapeut\u0105 oraz Specjalist\u0105 Counsellingu Gestalt, certyfikowanym przez Centrum Counsellingu Gestalt we wsp&oacute;\u0142pracy z Associazione Italiana di Counselling. Uko\u0144czy\u0142em tak\u017ce studia magisterskie z zarz\u0105dzania na Uniwersytecie Ekonomicznym w Katowicach, co pozwala mi lepiej rozumie\u0107 z\u0142o\u017cono\u015b\u0107 wyzwa\u0144, z jakimi mierz\u0105 si\u0119 liderzy, przedsi\u0119biorcy i profesjonali\u015bci prowadz\u0105cy intensywny tryb \u017cycia. Od ponad &#8230; <\/p>\n<div><a href=\"https:\/\/sensownie.com\/en\/o-mnie\/\" class=\"more-link\">Read More<\/a><\/div>","protected":false},"author":1,"featured_media":0,"parent":0,"menu_order":0,"comment_status":"closed","ping_status":"closed","template":"","meta":{"rs_blank_template":"","rs_page_bg_color":"","slide_template_v7":"","_monsterinsights_skip_tracking":false,"_monsterinsights_sitenote_active":false,"_monsterinsights_sitenote_note":"","_monsterinsights_sitenote_category":0,"footnotes":""},"class_list":["post-10","page","type-page","status-publish","hentry","no-post-thumbnail"],"yoast_head":"<!-- This site is optimized with the Yoast SEO plugin v27.4 - https:\/\/yoast.com\/product\/yoast-seo-wordpress\/ -->\n<title>O mnie - O\u015brodek Kszta\u0142towania Osobowo\u015bci<\/title>\n<meta name=\"description\" content=\"Profesjonalna psychoterapia online dla doros\u0142ych i par. Indywidualne podej\u015bcie, dyskrecja i skuteczne metody. Um\u00f3w sesj\u0119 z Jackiem Za\u0142uskim.\" \/>\n<meta name=\"robots\" content=\"index, follow, max-snippet:-1, max-image-preview:large, max-video-preview:-1\" \/>\n<link rel=\"canonical\" href=\"https:\/\/sensownie.com\/en\/o-mnie\/\" \/>\n<meta property=\"og:locale\" content=\"en_GB\" \/>\n<meta property=\"og:type\" content=\"article\" \/>\n<meta property=\"og:title\" content=\"O mnie - O\u015brodek Kszta\u0142towania Osobowo\u015bci\" \/>\n<meta property=\"og:description\" content=\"Profesjonalna psychoterapia online dla doros\u0142ych i par. Indywidualne podej\u015bcie, dyskrecja i skuteczne metody. Um\u00f3w sesj\u0119 z Jackiem Za\u0142uskim.\" \/>\n<meta property=\"og:url\" content=\"https:\/\/sensownie.com\/en\/o-mnie\/\" \/>\n<meta property=\"og:site_name\" content=\"O\u015brodek Kszta\u0142towania Osobowo\u015bci\" \/>\n<meta property=\"article:publisher\" content=\"https:\/\/www.facebook.com\/JacekZaluskiBlog\" \/>\n<meta property=\"article:modified_time\" content=\"2025-05-20T13:59:28+00:00\" \/>\n<meta name=\"twitter:card\" content=\"summary_large_image\" \/>\n<meta name=\"twitter:site\" content=\"@JacekUski\" \/>\n<meta name=\"twitter:label1\" content=\"Estimated reading time\" \/>\n\t<meta name=\"twitter:data1\" content=\"2 minutes\" \/>\n<script type=\"application\/ld+json\" class=\"yoast-schema-graph\">{\"@context\":\"https:\\\/\\\/schema.org\",\"@graph\":[{\"@type\":\"WebPage\",\"@id\":\"https:\\\/\\\/sensownie.com\\\/o-mnie\\\/\",\"url\":\"https:\\\/\\\/sensownie.com\\\/o-mnie\\\/\",\"name\":\"O mnie - O\u015brodek Kszta\u0142towania Osobowo\u015bci\",\"isPartOf\":{\"@id\":\"https:\\\/\\\/sensownie.com\\\/#website\"},\"datePublished\":\"2020-07-25T15:10:23+00:00\",\"dateModified\":\"2025-05-20T13:59:28+00:00\",\"description\":\"Profesjonalna psychoterapia online dla doros\u0142ych i par. Indywidualne podej\u015bcie, dyskrecja i skuteczne metody. Um\u00f3w sesj\u0119 z Jackiem Za\u0142uskim.\",\"breadcrumb\":{\"@id\":\"https:\\\/\\\/sensownie.com\\\/o-mnie\\\/#breadcrumb\"},\"inLanguage\":\"en-GB\",\"potentialAction\":[{\"@type\":\"ReadAction\",\"target\":[\"https:\\\/\\\/sensownie.com\\\/o-mnie\\\/\"]}]},{\"@type\":\"BreadcrumbList\",\"@id\":\"https:\\\/\\\/sensownie.com\\\/o-mnie\\\/#breadcrumb\",\"itemListElement\":[{\"@type\":\"ListItem\",\"position\":1,\"name\":\"Strona g\u0142\u00f3wna\",\"item\":\"https:\\\/\\\/sensownie.com\\\/\"},{\"@type\":\"ListItem\",\"position\":2,\"name\":\"O mnie\"}]},{\"@type\":\"WebSite\",\"@id\":\"https:\\\/\\\/sensownie.com\\\/#website\",\"url\":\"https:\\\/\\\/sensownie.com\\\/\",\"name\":\"O\u015brodek Kszta\u0142towania Osobowo\u015bci\",\"description\":\"Psychoterapeuta Jacek Za\u0142uski psychoterapia psycholog borderline DBT ACT par ma\u0142\u017ce\u0144ska Warszawa\",\"publisher\":{\"@id\":\"https:\\\/\\\/sensownie.com\\\/#organization\"},\"potentialAction\":[{\"@type\":\"SearchAction\",\"target\":{\"@type\":\"EntryPoint\",\"urlTemplate\":\"https:\\\/\\\/sensownie.com\\\/?s={search_term_string}\"},\"query-input\":{\"@type\":\"PropertyValueSpecification\",\"valueRequired\":true,\"valueName\":\"search_term_string\"}}],\"inLanguage\":\"en-GB\"},{\"@type\":\"Organization\",\"@id\":\"https:\\\/\\\/sensownie.com\\\/#organization\",\"name\":\"O\u015brodek Kszta\u0142towania Osobowo\u015bci Jacek Za\u0142uski\",\"url\":\"https:\\\/\\\/sensownie.com\\\/\",\"logo\":{\"@type\":\"ImageObject\",\"inLanguage\":\"en-GB\",\"@id\":\"https:\\\/\\\/sensownie.com\\\/#\\\/schema\\\/logo\\\/image\\\/\",\"url\":\"https:\\\/\\\/sensownie.com\\\/wp-content\\\/uploads\\\/2020\\\/07\\\/logo_OKO.jpg\",\"contentUrl\":\"https:\\\/\\\/sensownie.com\\\/wp-content\\\/uploads\\\/2020\\\/07\\\/logo_OKO.jpg\",\"width\":256,\"height\":101,\"caption\":\"O\u015brodek Kszta\u0142towania Osobowo\u015bci Jacek Za\u0142uski\"},\"image\":{\"@id\":\"https:\\\/\\\/sensownie.com\\\/#\\\/schema\\\/logo\\\/image\\\/\"},\"sameAs\":[\"https:\\\/\\\/www.facebook.com\\\/JacekZaluskiBlog\",\"https:\\\/\\\/x.com\\\/JacekUski\",\"https:\\\/\\\/pl.linkedin.com\\\/in\\\/jacek-za\u0142uski\"]}]}<\/script>\n<!-- \/ Yoast SEO plugin. -->","yoast_head_json":{"title":"O mnie - O\u015brodek Kszta\u0142towania Osobowo\u015bci","description":"Profesjonalna psychoterapia online dla doros\u0142ych i par. Indywidualne podej\u015bcie, dyskrecja i skuteczne metody. Um\u00f3w sesj\u0119 z Jackiem Za\u0142uskim.","robots":{"index":"index","follow":"follow","max-snippet":"max-snippet:-1","max-image-preview":"max-image-preview:large","max-video-preview":"max-video-preview:-1"},"canonical":"https:\/\/sensownie.com\/en\/o-mnie\/","og_locale":"en_GB","og_type":"article","og_title":"O mnie - O\u015brodek Kszta\u0142towania Osobowo\u015bci","og_description":"Profesjonalna psychoterapia online dla doros\u0142ych i par. Indywidualne podej\u015bcie, dyskrecja i skuteczne metody. Um\u00f3w sesj\u0119 z Jackiem Za\u0142uskim.","og_url":"https:\/\/sensownie.com\/en\/o-mnie\/","og_site_name":"O\u015brodek Kszta\u0142towania Osobowo\u015bci","article_publisher":"https:\/\/www.facebook.com\/JacekZaluskiBlog","article_modified_time":"2025-05-20T13:59:28+00:00","twitter_card":"summary_large_image","twitter_site":"@JacekUski","twitter_misc":{"Estimated reading time":"2 minutes"},"schema":{"@context":"https:\/\/schema.org","@graph":[{"@type":"WebPage","@id":"https:\/\/sensownie.com\/o-mnie\/","url":"https:\/\/sensownie.com\/o-mnie\/","name":"O mnie - O\u015brodek Kszta\u0142towania Osobowo\u015bci","isPartOf":{"@id":"https:\/\/sensownie.com\/#website"},"datePublished":"2020-07-25T15:10:23+00:00","dateModified":"2025-05-20T13:59:28+00:00","description":"Profesjonalna psychoterapia online dla doros\u0142ych i par. Indywidualne podej\u015bcie, dyskrecja i skuteczne metody. Um\u00f3w sesj\u0119 z Jackiem Za\u0142uskim.","breadcrumb":{"@id":"https:\/\/sensownie.com\/o-mnie\/#breadcrumb"},"inLanguage":"en-GB","potentialAction":[{"@type":"ReadAction","target":["https:\/\/sensownie.com\/o-mnie\/"]}]},{"@type":"BreadcrumbList","@id":"https:\/\/sensownie.com\/o-mnie\/#breadcrumb","itemListElement":[{"@type":"ListItem","position":1,"name":"Strona g\u0142\u00f3wna","item":"https:\/\/sensownie.com\/"},{"@type":"ListItem","position":2,"name":"O mnie"}]},{"@type":"WebSite","@id":"https:\/\/sensownie.com\/#website","url":"https:\/\/sensownie.com\/","name":"O\u015brodek Kszta\u0142towania Osobowo\u015bci","description":"Psychoterapeuta Jacek Za\u0142uski psychoterapia psycholog borderline DBT ACT par ma\u0142\u017ce\u0144ska Warszawa","publisher":{"@id":"https:\/\/sensownie.com\/#organization"},"potentialAction":[{"@type":"SearchAction","target":{"@type":"EntryPoint","urlTemplate":"https:\/\/sensownie.com\/?s={search_term_string}"},"query-input":{"@type":"PropertyValueSpecification","valueRequired":true,"valueName":"search_term_string"}}],"inLanguage":"en-GB"},{"@type":"Organization","@id":"https:\/\/sensownie.com\/#organization","name":"O\u015brodek Kszta\u0142towania Osobowo\u015bci Jacek Za\u0142uski","url":"https:\/\/sensownie.com\/","logo":{"@type":"ImageObject","inLanguage":"en-GB","@id":"https:\/\/sensownie.com\/#\/schema\/logo\/image\/","url":"https:\/\/sensownie.com\/wp-content\/uploads\/2020\/07\/logo_OKO.jpg","contentUrl":"https:\/\/sensownie.com\/wp-content\/uploads\/2020\/07\/logo_OKO.jpg","width":256,"height":101,"caption":"O\u015brodek Kszta\u0142towania Osobowo\u015bci Jacek Za\u0142uski"},"image":{"@id":"https:\/\/sensownie.com\/#\/schema\/logo\/image\/"},"sameAs":["https:\/\/www.facebook.com\/JacekZaluskiBlog","https:\/\/x.com\/JacekUski","https:\/\/pl.linkedin.com\/in\/jacek-za\u0142uski"]}]}},"_links":{"self":[{"href":"https:\/\/sensownie.com\/en\/wp-json\/wp\/v2\/pages\/10","targetHints":{"allow":["GET"]}}],"collection":[{"href":"https:\/\/sensownie.com\/en\/wp-json\/wp\/v2\/pages"}],"about":[{"href":"https:\/\/sensownie.com\/en\/wp-json\/wp\/v2\/types\/page"}],"author":[{"embeddable":true,"href":"https:\/\/sensownie.com\/en\/wp-json\/wp\/v2\/users\/1"}],"replies":[{"embeddable":true,"href":"https:\/\/sensownie.com\/en\/wp-json\/wp\/v2\/comments?post=10"}],"version-history":[{"count":9,"href":"https:\/\/sensownie.com\/en\/wp-json\/wp\/v2\/pages\/10\/revisions"}],"predecessor-version":[{"id":680,"href":"https:\/\/sensownie.com\/en\/wp-json\/wp\/v2\/pages\/10\/revisions\/680"}],"wp:attachment":[{"href":"https:\/\/sensownie.com\/en\/wp-json\/wp\/v2\/media?parent=10"}],"curies":[{"name":"wp","href":"https:\/\/api.w.org\/{rel}","templated":true}]}}